{"id":1433,"date":"2021-03-08T04:11:49","date_gmt":"2021-03-08T04:11:49","guid":{"rendered":"https:\/\/verofigarella.com\/?page_id=1433"},"modified":"2022-12-21T22:57:26","modified_gmt":"2022-12-21T22:57:26","slug":"home","status":"publish","type":"page","link":"https:\/\/verofigarella.com\/es\/","title":{"rendered":"Home"},"content":{"rendered":"<p>[vc_row full_width=&#8221;stretch_row_content_no_spaces&#8221; css=&#8221;.vc_custom_1613350196893{background-color: #ffffff !important;}&#8221;][vc_column]<div class=\"sc_section bg_image_res \" style=\"background-position: center;\"><div class=\"sc_section_inner\"><div class=\"sc_content content_wrap\"><div class=\"columns_wrap sc_columns columns_nofluid sc_columns_count_2\"><div class=\"column-1_2 sc_column_item sc_column_item_1 odd first\" data-animation=\"animated fadeInLeft normal\"><div class=\"sc_section margin_top_null margin_bottom_null aligncenter column-1_1\" data-animation=\"animated fadeIn normal\" style=\"max-width: 1070px; margin: auto;\"><div class=\"sc_section_inner\">[vc_custom_heading text=&#8221;BRONTE Y TAMARAN&#8221; font_container=&#8221;tag:h4|font_size:60|text_align:left|color:%23993393&#8243; google_fonts=&#8221;font_family:Kite%20One%3Aregular|font_style:400%20regular%3A400%3Anormal&#8221; el_class=&#8221;titlebook&#8221; css=&#8221;.vc_custom_1669604635157{margin-bottom: 0px !important;padding-top: 130px !important;}&#8221;][vc_empty_space][vc_column_text]<\/p>\n<p style=\"text-align: justify; color: #808080; font-size: 19px; line-height: 28px;\">Dos hermanos apasionados nos comparten su amor por el Mar y la importancia de vivir en armon\u00eda con nuestro medio ambiente y comunidad. Es una historia escrita en prosa versada para ni\u00f1os\/as que empiezan a leer por su cuenta y est\u00e1n familiariz\u00e1ndose con la lectura por cap\u00edtulos.<br \/>\nEl libro contiene una canci\u00f3n maravillosa que rinde homenaje al Agua y fomenta su cuidado y protecci\u00f3n. Parte de las ganancias de este libro ser\u00e1n destinadas a organizaciones sin fines de lucro que cuidan del ecosistema marino. El libro est\u00e1 disponible s\u00f3lo en Espa\u00f1ol.<\/p>\n<p style=\"text-align: justify; color: #808080; font-size: 19px; line-height: 28px;\">Puedes escuchar la canci\u00f3n <a href=\"\/es\/bronte-y-tamaran\/#audio\"><strong>aqu\u00ed<\/strong><\/a><\/p>\n<p>[\/vc_column_text][vc_empty_space]<a href=\"\/es\/compras\/\" class=\"sc_button sc_button_square sc_button_style_style_2 sc_button_size_small alignleft\" style=\"color:#ffffff;background-color:#8f8f8f; border-color:#8f8f8f;\">LO QUIERO<\/a><\/div><\/div><\/div><div class=\"column-1_2 sc_column_item sc_column_item_2 even\"><div class=\"sc_section margin_top_large margin_bottom_null aligncenter column-1_1\" data-animation=\"animated fadeIn normal\" style=\"max-width: 1070px; margin: auto;\"><div class=\"sc_section_inner\">[vc_single_image image=&#8221;2466&#8243; img_size=&#8221;full&#8221; alignment=&#8221;right&#8221; onclick=&#8221;custom_link&#8221; el_class=&#8221;imglaurita&#8221; link=&#8221;https:\/\/verofigarella.com\/es\/libros\/&#8221;]<\/div><\/div><\/div><\/div><\/div><\/div><\/div>[\/vc_column][\/vc_row][vc_row full_width=&#8221;stretch_row_content_no_spaces&#8221; css=&#8221;.vc_custom_1613350196893{background-color: #ffffff !important;}&#8221;][vc_column]<div class=\"sc_section bg_image_res \" style=\"background-position: center;\"><div class=\"sc_section_inner\"><div class=\"sc_content content_wrap\"><div class=\"columns_wrap sc_columns columns_nofluid sc_columns_count_2\"><div class=\"column-1_2 sc_column_item sc_column_item_1 odd first\" data-animation=\"animated fadeInLeft normal\"><div class=\"sc_section margin_top_large margin_bottom_null aligncenter column-1_1\" data-animation=\"animated fadeIn normal\" style=\"max-width: 1070px; margin: auto;\"><div class=\"sc_section_inner\">[vc_single_image image=&#8221;1889&#8243; img_size=&#8221;full&#8221; onclick=&#8221;custom_link&#8221; el_class=&#8221;imglaurita&#8221; link=&#8221;https:\/\/verofigarella.com\/es\/libros\/&#8221;]<\/div><\/div><\/div><div class=\"column-1_2 sc_column_item sc_column_item_2 even\"><div class=\"sc_section margin_top_null margin_bottom_null aligncenter column-1_1\" data-animation=\"animated fadeIn normal\" style=\"max-width: 1070px; margin: auto;\"><div class=\"sc_section_inner\">[vc_custom_heading text=&#8221;LAURITA LORIQUITA&#8221; font_container=&#8221;tag:h4|font_size:60|text_align:left|color:%23993393&#8243; google_fonts=&#8221;font_family:Kite%20One%3Aregular|font_style:400%20regular%3A400%3Anormal&#8221; el_class=&#8221;titlebook&#8221; css=&#8221;.vc_custom_1670944021271{margin-bottom: 0px !important;padding-top: 130px !important;}&#8221;][vc_empty_space][vc_column_text]<\/p>\n<p style=\"text-align: justify; color: #808080; font-size: 19px; line-height: 28px;\">Laurita Lorioquita y la Canci\u00f3n del Coraz\u00f3n, es la historia de una lorita valiente que descubre los efectos que los sentimientos y las emociones tienen en su cuerpo.<br \/>\nEs para ni\u00f1os de 4 a 7 a\u00f1os y es una historia sobre el aprendizaje emocional.<\/p>\n<p style=\"text-align: justify; color: #808080; font-size: 19px; line-height: 28px;\">Puedes escuchar la canci\u00f3n <a href=\"\/es\/libros\/#audio\"><strong>aqu\u00ed<\/strong><\/a><\/p>\n<p>[\/vc_column_text][vc_empty_space]<a href=\"\/es\/compras\/\" class=\"sc_button sc_button_square sc_button_style_style_2 sc_button_size_small alignleft\" style=\"color:#ffffff;background-color:#8f8f8f; border-color:#8f8f8f;\">LO QUIERO<\/a><\/div><\/div><\/div><\/div><\/div><\/div><\/div>[\/vc_column][\/vc_row][vc_row full_width=&#8221;stretch_row_content_no_spaces&#8221; css=&#8221;.vc_custom_1613353794062{margin-bottom: 50px !important;}&#8221;][vc_column]<div class=\"sc_section bg_image_res \" style=\"background-position: center;\"><div class=\"sc_section_inner\"><div class=\"sc_content content_wrap margin_bottom_null\"><div class=\"columns_wrap sc_columns columns_nofluid sc_columns_count_2\"><div class=\"column-1_2 sc_column_item sc_column_item_1 odd first\" data-animation=\"animated fadeInLeft normal\"><div class=\"sc_dropcaps sc_dropcaps_style_4 margin_bottom_tiny\" style=\"margin-top: 5em ;color: #808080;\"><span class=\"sc_dropcaps_item\">C<\/span>onoce m\u00e1s sobre m\u00ed y c\u00f3mo llegu\u00e9 hasta aqu\u00ed.<a href=\"https:\/\/verofigarella.com\/es\/mi-historia\/\" class=\"sc_button sc_button_square sc_button_style_border sc_button_size_medium aligncenter margin_left_null  sc_button_iconed icon-right\" style=\"border: 0; max-width: 133px; font-size: .468em; padding-left: 0; text-align: left; text-transform: uppercase; margin-top: 1.7em ;color:#9933a0;\">Lee mi historia<\/a><\/div><\/div><div class=\"column-1_2 sc_column_item sc_column_item_2 even\">[vc_single_image image=&#8221;1322&#8243; img_size=&#8221;full&#8221;]<\/div><\/div><\/div><\/div><\/div>[\/vc_column][\/vc_row][vc_row disable_element=&#8221;yes&#8221;][vc_column]<div class=\"sc_content content_wrap margin_top_huge\" data-animation=\"animated fadeIn normal\"><div class=\"sc_line sc_line_position_center_center sc_line_style_solid margin_top_medium margin_bottom_medium\" style=\"border-top-style:solid;\"><span class=\"sc_line_title\" style=\"background-color:\">Blog Updates<\/span><\/div><div id=\"sc_blogger_738487083\" class=\"sc_blogger layout_expert template_expert margin_top_medium  sc_blogger_horizontal no_description\"><\/div><div class=\"sc_line sc_line_position_center_center sc_line_style_solid\" style=\"margin-top: 1em !important; margin-bottom: 4.3em;border-top-style:solid;\"><\/div><div id=\"sc_blogger_87126393\" class=\"sc_blogger layout_classic_3 template_masonry margin_bottom_small  sc_blogger_horizontal no_description\" data-animation=\"animated fadeIn normal\"><div class=\"isotope_wrap\" data-columns=\"3\"><\/div><\/div><\/div>[\/vc_column][\/vc_row][vc_row full_width=&#8221;stretch_row_content_no_spaces&#8221;][vc_column][vc_column_text]\n<div id=\"sb_instagram\"  class=\"sbi sbi_mob_col_1 sbi_tab_col_2 sbi_col_6\" style=\"width: 100%;\"\t data-feedid=\"sbi_17841407784759485rdm#12\"  data-res=\"medium\" data-cols=\"6\" data-colsmobile=\"1\" data-colstablet=\"2\" data-num=\"12\" data-nummobile=\"\" data-item-padding=\"\"\t data-shortcode-atts=\"{&quot;cachetime&quot;:30}\"  data-postid=\"1433\" data-locatornonce=\"b24d06228d\" data-imageaspectratio=\"1:1\" data-sbi-flags=\"favorLocal\">\n\t\n\t<div id=\"sbi_images\" >\n\t\t\t<\/div>\n\n\t<div id=\"sbi_load\" >\n\n\t\n\t\n<\/div>\n\t\t<span class=\"sbi_resized_image_data\" data-feed-id=\"sbi_17841407784759485rdm#12\"\n\t\t  data-resized=\"[]\">\n\t<\/span>\n\t<\/div>\n\n[\/vc_column_text][\/vc_column][\/vc_row][vc_row full_width=&#8221;stretch_row_content_no_spaces&#8221; css=&#8221;.vc_custom_1639077062813{background-color: #ff505f !important;}&#8221;][vc_column]<div class=\"sc_content content_wrap margin_bottom_large\"><h3 class=\"sc_title sc_title_regular sc_align_center\" style=\"margin-top: 1.67em; margin-bottom: 0.1em;text-align:center;color:#ffffff;font-weight:300;\" data-animation=\"animated fadeIn normal\"><span class=\"content-title\"><strong>Mantente en contacto conmigo<br \/>\n<\/strong><\/span><\/h3>[vc_column_text]<\/p>\n<p style=\"text-align: center; color: #ffffff; font-family: 'Montserrat',sans-serif;\">y ent\u00e9rate antes de mis nuevas publicaciones<\/p>\n<p>[\/vc_column_text][vc_column_text]<\/p>\n<div style=\"max-width: 570px; margin: 2.5em auto 0;\">\n<div class=\"wpcf7 no-js\" id=\"wpcf7-f1711-o1\" lang=\"en-US\" dir=\"ltr\" data-wpcf7-id=\"1711\">\n<div class=\"screen-reader-response\"><p role=\"status\" aria-live=\"polite\" aria-atomic=\"true\"><\/p> <ul><\/ul><\/div>\n<form action=\"\/es\/wp-json\/wp\/v2\/pages\/1433#wpcf7-f1711-o1\" method=\"post\" class=\"wpcf7-form init\" aria-label=\"Contact form\" novalidate=\"novalidate\" data-status=\"init\">\n<div style=\"display: none;\">\n<input type=\"hidden\" name=\"_wpcf7\" value=\"1711\" \/>\n<input type=\"hidden\" name=\"_wpcf7_version\" value=\"6.0.6\" \/>\n<input type=\"hidden\" name=\"_wpcf7_locale\" value=\"en_US\" \/>\n<input type=\"hidden\" name=\"_wpcf7_unit_tag\" value=\"wpcf7-f1711-o1\" \/>\n<input type=\"hidden\" name=\"_wpcf7_container_post\" value=\"0\" \/>\n<input type=\"hidden\" name=\"_wpcf7_posted_data_hash\" value=\"\" \/>\n<input type=\"hidden\" name=\"_wpcf7_recaptcha_response\" value=\"\" \/>\n<\/div>\n<div class=\"sc_emailer_content\">\n\t<p><span class=\"wpcf7-form-control-wrap\" data-name=\"email-en\"><input size=\"40\" maxlength=\"400\" class=\"wpcf7-form-control wpcf7-email wpcf7-validates-as-required wpcf7-text wpcf7-validates-as-email sc_input\" aria-required=\"true\" aria-invalid=\"false\" placeholder=\"Correo electr\u00f3nico\" value=\"\" type=\"email\" name=\"email-en\" \/><\/span>\n\t<\/p>\n\t<p><input class=\"wpcf7-form-control wpcf7-submit has-spinner sc_button sc_button_iconed icon-right\" type=\"submit\" value=\"ENVIAR\" \/>\n\t<\/p>\n<\/div>\n<div class=\"sc_form_field sc_form_field_checkbox\">\n\t<p><span class=\"wpcf7-form-control-wrap\" data-name=\"acceptance-en\"><span class=\"wpcf7-form-control wpcf7-acceptance\"><span class=\"wpcf7-list-item\"><label><input type=\"checkbox\" name=\"acceptance-en\" value=\"1\" aria-invalid=\"false\" \/><span class=\"wpcf7-list-item-label\">Estoy de acuerdo con compartir mi informaci\u00f3n para que sea almacenada y recibir contenido de Vero Figarella. Tus datos no se compartir\u00e1n con terceros para fines comerciales y puedes darte de baja de nuestra lista en cualquier momento.<\/span><\/label><\/span><\/span><\/span>\n\t<\/p>\n<\/div><div class=\"wpcf7-response-output\" aria-hidden=\"true\"><\/div>\n<\/form>\n<\/div>\n<\/div>\n<p>[\/vc_column_text]<\/div>[\/vc_column][\/vc_row]<\/p>\n","protected":false},"excerpt":{"rendered":"<p>[vc_row full_width=&#8221;stretch_row_content_no_spaces&#8221; css=&#8221;.vc_custom_1613350196893{background-color: #ffffff !important;}&#8221;][vc_column][\/vc_column][\/vc_row][vc_row full_width=&#8221;stretch_row_content_no_spaces&#8221; css=&#8221;.vc_custom_1613350196893{background-color: #ffffff !important;}&#8221;][vc_column][\/vc_column][\/vc_row][vc_row full_width=&#8221;stretch_row_content_no_spaces&#8221; css=&#8221;.vc_custom_1613353794062{margin-bottom: 50px !important;}&#8221;][vc_column][\/vc_column][\/vc_row][vc_row disable_element=&#8221;yes&#8221;][vc_column][\/vc_column][\/vc_row][vc_row full_width=&#8221;stretch_row_content_no_spaces&#8221;][vc_column][vc_column_text][\/vc_column_text][\/vc_column][\/vc_row][vc_row full_width=&#8221;stretch_row_content_no_spaces&#8221; css=&#8221;.vc_custom_1639077062813{background-color: #ff505f !important;}&#8221;][vc_column][\/vc_column][\/vc_row]<\/p>\n","protected":false},"author":1,"featured_media":0,"parent":0,"menu_order":0,"comment_status":"closed","ping_status":"closed","template":"","meta":{"footnotes":""},"class_list":["post-1433","page","type-page","status-publish","hentry"],"yoast_head":"<!-- This site is optimized with the Yoast SEO plugin v25.2 - https:\/\/yoast.com\/wordpress\/plugins\/seo\/ -->\n<title>Home - Vero Figarella<\/title>\n<meta name=\"robots\" content=\"index, follow, max-snippet:-1, max-image-preview:large, max-video-preview:-1\" \/>\n<link rel=\"canonical\" href=\"https:\/\/verofigarella.com\/es\/\" \/>\n<meta property=\"og:locale\" content=\"es_ES\" \/>\n<meta property=\"og:type\" content=\"article\" \/>\n<meta property=\"og:title\" content=\"Home - Vero Figarella\" \/>\n<meta property=\"og:description\" content=\"[vc_row full_width=&#8221;stretch_row_content_no_spaces&#8221; css=&#8221;.vc_custom_1613350196893{background-color: #ffffff !important;}&#8221;][vc_column][\/vc_column][\/vc_row][vc_row full_width=&#8221;stretch_row_content_no_spaces&#8221; css=&#8221;.vc_custom_1613350196893{background-color: #ffffff !important;}&#8221;][vc_column][\/vc_column][\/vc_row][vc_row full_width=&#8221;stretch_row_content_no_spaces&#8221; css=&#8221;.vc_custom_1613353794062{margin-bottom: 50px !important;}&#8221;][vc_column][\/vc_column][\/vc_row][vc_row disable_element=&#8221;yes&#8221;][vc_column][\/vc_column][\/vc_row][vc_row full_width=&#8221;stretch_row_content_no_spaces&#8221;][vc_column][vc_column_text][\/vc_column_text][\/vc_column][\/vc_row][vc_row full_width=&#8221;stretch_row_content_no_spaces&#8221; css=&#8221;.vc_custom_1639077062813{background-color: #ff505f !important;}&#8221;][vc_column][\/vc_column][\/vc_row]\" \/>\n<meta property=\"og:url\" content=\"https:\/\/verofigarella.com\/es\/\" \/>\n<meta property=\"og:site_name\" content=\"Vero Figarella\" \/>\n<meta property=\"article:modified_time\" content=\"2022-12-21T22:57:26+00:00\" \/>\n<meta name=\"twitter:card\" content=\"summary_large_image\" \/>\n<meta name=\"twitter:label1\" content=\"Tiempo de lectura\" \/>\n\t<meta name=\"twitter:data1\" content=\"2 minutos\" \/>\n<script type=\"application\/ld+json\" class=\"yoast-schema-graph\">{\"@context\":\"https:\/\/schema.org\",\"@graph\":[{\"@type\":\"WebPage\",\"@id\":\"https:\/\/verofigarella.com\/es\/\",\"url\":\"https:\/\/verofigarella.com\/es\/\",\"name\":\"Home - Vero Figarella\",\"isPartOf\":{\"@id\":\"https:\/\/verofigarella.com\/en\/#website\"},\"datePublished\":\"2021-03-08T04:11:49+00:00\",\"dateModified\":\"2022-12-21T22:57:26+00:00\",\"breadcrumb\":{\"@id\":\"https:\/\/verofigarella.com\/es\/#breadcrumb\"},\"inLanguage\":\"es\",\"potentialAction\":[{\"@type\":\"ReadAction\",\"target\":[\"https:\/\/verofigarella.com\/es\/\"]}]},{\"@type\":\"BreadcrumbList\",\"@id\":\"https:\/\/verofigarella.com\/es\/#breadcrumb\",\"itemListElement\":[{\"@type\":\"ListItem\",\"position\":1,\"name\":\"Home\",\"item\":\"https:\/\/verofigarella.com\/es\/\"},{\"@type\":\"ListItem\",\"position\":2,\"name\":\"Home\"}]},{\"@type\":\"WebSite\",\"@id\":\"https:\/\/verofigarella.com\/en\/#website\",\"url\":\"https:\/\/verofigarella.com\/en\/\",\"name\":\"Vero Figarella\",\"description\":\"\",\"publisher\":{\"@id\":\"https:\/\/verofigarella.com\/en\/#\/schema\/person\/e92625ac0b706607537c23f0d3ca1d48\"},\"potentialAction\":[{\"@type\":\"SearchAction\",\"target\":{\"@type\":\"EntryPoint\",\"urlTemplate\":\"https:\/\/verofigarella.com\/en\/?s={search_term_string}\"},\"query-input\":{\"@type\":\"PropertyValueSpecification\",\"valueRequired\":true,\"valueName\":\"search_term_string\"}}],\"inLanguage\":\"es\"},{\"@type\":[\"Person\",\"Organization\"],\"@id\":\"https:\/\/verofigarella.com\/en\/#\/schema\/person\/e92625ac0b706607537c23f0d3ca1d48\",\"name\":\"Veronica Figarella\",\"image\":{\"@type\":\"ImageObject\",\"inLanguage\":\"es\",\"@id\":\"https:\/\/verofigarella.com\/en\/#\/schema\/person\/image\/\",\"url\":\"https:\/\/verofigarella.com\/wp-content\/uploads\/2021\/11\/LOGO-VERO_pago.png\",\"contentUrl\":\"https:\/\/verofigarella.com\/wp-content\/uploads\/2021\/11\/LOGO-VERO_pago.png\",\"width\":100,\"height\":72,\"caption\":\"Veronica Figarella\"},\"logo\":{\"@id\":\"https:\/\/verofigarella.com\/en\/#\/schema\/person\/image\/\"}}]}<\/script>\n<!-- \/ Yoast SEO plugin. -->","yoast_head_json":{"title":"Home - Vero Figarella","robots":{"index":"index","follow":"follow","max-snippet":"max-snippet:-1","max-image-preview":"max-image-preview:large","max-video-preview":"max-video-preview:-1"},"canonical":"https:\/\/verofigarella.com\/es\/","og_locale":"es_ES","og_type":"article","og_title":"Home - Vero Figarella","og_description":"[vc_row full_width=&#8221;stretch_row_content_no_spaces&#8221; css=&#8221;.vc_custom_1613350196893{background-color: #ffffff !important;}&#8221;][vc_column][\/vc_column][\/vc_row][vc_row full_width=&#8221;stretch_row_content_no_spaces&#8221; css=&#8221;.vc_custom_1613350196893{background-color: #ffffff !important;}&#8221;][vc_column][\/vc_column][\/vc_row][vc_row full_width=&#8221;stretch_row_content_no_spaces&#8221; css=&#8221;.vc_custom_1613353794062{margin-bottom: 50px !important;}&#8221;][vc_column][\/vc_column][\/vc_row][vc_row disable_element=&#8221;yes&#8221;][vc_column][\/vc_column][\/vc_row][vc_row full_width=&#8221;stretch_row_content_no_spaces&#8221;][vc_column][vc_column_text][\/vc_column_text][\/vc_column][\/vc_row][vc_row full_width=&#8221;stretch_row_content_no_spaces&#8221; css=&#8221;.vc_custom_1639077062813{background-color: #ff505f !important;}&#8221;][vc_column][\/vc_column][\/vc_row]","og_url":"https:\/\/verofigarella.com\/es\/","og_site_name":"Vero Figarella","article_modified_time":"2022-12-21T22:57:26+00:00","twitter_card":"summary_large_image","twitter_misc":{"Tiempo de lectura":"2 minutos"},"schema":{"@context":"https:\/\/schema.org","@graph":[{"@type":"WebPage","@id":"https:\/\/verofigarella.com\/es\/","url":"https:\/\/verofigarella.com\/es\/","name":"Home - Vero Figarella","isPartOf":{"@id":"https:\/\/verofigarella.com\/en\/#website"},"datePublished":"2021-03-08T04:11:49+00:00","dateModified":"2022-12-21T22:57:26+00:00","breadcrumb":{"@id":"https:\/\/verofigarella.com\/es\/#breadcrumb"},"inLanguage":"es","potentialAction":[{"@type":"ReadAction","target":["https:\/\/verofigarella.com\/es\/"]}]},{"@type":"BreadcrumbList","@id":"https:\/\/verofigarella.com\/es\/#breadcrumb","itemListElement":[{"@type":"ListItem","position":1,"name":"Home","item":"https:\/\/verofigarella.com\/es\/"},{"@type":"ListItem","position":2,"name":"Home"}]},{"@type":"WebSite","@id":"https:\/\/verofigarella.com\/en\/#website","url":"https:\/\/verofigarella.com\/en\/","name":"Vero Figarella","description":"","publisher":{"@id":"https:\/\/verofigarella.com\/en\/#\/schema\/person\/e92625ac0b706607537c23f0d3ca1d48"},"potentialAction":[{"@type":"SearchAction","target":{"@type":"EntryPoint","urlTemplate":"https:\/\/verofigarella.com\/en\/?s={search_term_string}"},"query-input":{"@type":"PropertyValueSpecification","valueRequired":true,"valueName":"search_term_string"}}],"inLanguage":"es"},{"@type":["Person","Organization"],"@id":"https:\/\/verofigarella.com\/en\/#\/schema\/person\/e92625ac0b706607537c23f0d3ca1d48","name":"Veronica Figarella","image":{"@type":"ImageObject","inLanguage":"es","@id":"https:\/\/verofigarella.com\/en\/#\/schema\/person\/image\/","url":"https:\/\/verofigarella.com\/wp-content\/uploads\/2021\/11\/LOGO-VERO_pago.png","contentUrl":"https:\/\/verofigarella.com\/wp-content\/uploads\/2021\/11\/LOGO-VERO_pago.png","width":100,"height":72,"caption":"Veronica Figarella"},"logo":{"@id":"https:\/\/verofigarella.com\/en\/#\/schema\/person\/image\/"}}]}},"_links":{"self":[{"href":"https:\/\/verofigarella.com\/es\/wp-json\/wp\/v2\/pages\/1433","targetHints":{"allow":["GET"]}}],"collection":[{"href":"https:\/\/verofigarella.com\/es\/wp-json\/wp\/v2\/pages"}],"about":[{"href":"https:\/\/verofigarella.com\/es\/wp-json\/wp\/v2\/types\/page"}],"author":[{"embeddable":true,"href":"https:\/\/verofigarella.com\/es\/wp-json\/wp\/v2\/users\/1"}],"replies":[{"embeddable":true,"href":"https:\/\/verofigarella.com\/es\/wp-json\/wp\/v2\/comments?post=1433"}],"version-history":[{"count":49,"href":"https:\/\/verofigarella.com\/es\/wp-json\/wp\/v2\/pages\/1433\/revisions"}],"predecessor-version":[{"id":2599,"href":"https:\/\/verofigarella.com\/es\/wp-json\/wp\/v2\/pages\/1433\/revisions\/2599"}],"wp:attachment":[{"href":"https:\/\/verofigarella.com\/es\/wp-json\/wp\/v2\/media?parent=1433"}],"curies":[{"name":"wp","href":"https:\/\/api.w.org\/{rel}","templated":true}]}}