{"id":1447,"date":"2021-03-09T02:11:43","date_gmt":"2021-03-09T02:11:43","guid":{"rendered":"https:\/\/verofigarella.com\/?page_id=1447"},"modified":"2021-04-18T16:05:54","modified_gmt":"2021-04-18T16:05:54","slug":"mi-historia","status":"publish","type":"page","link":"https:\/\/verofigarella.com\/es\/mi-historia\/","title":{"rendered":"Mi Historia"},"content":{"rendered":"<p>[vc_row css=&#8221;.vc_custom_1455890899731{background-position: center !important;background-repeat: no-repeat !important;background-size: cover !important;}&#8221;][vc_column]<div class=\"sc_section aboutbanner margin_top_huge\" style=\"max-width: 900px;margin: auto;background-position-x: right;border-radius: 35px;\"><div class=\"sc_section_inner\"><figure class=\"sc_image  sc_image_shape_square\" style=\"border-radius: 35px;\"><img decoding=\"async\" src=\"https:\/\/verofigarella.com\/wp-content\/uploads\/2021\/03\/vero.jpg\" alt=\"\" \/><\/figure><\/div><\/div>[\/vc_column][\/vc_row][vc_row][vc_column]<div class=\"sc_content content_wrap margin_top_huge\"><div class=\"sc_line sc_line_position_center_center sc_line_style_solid\" style=\"font-family: &#039;Montserrat&#039;,sans-serif;color: #333333 !important;border-top-style:solid;border-top-color:#ffffff;\"><span class=\"sc_line_title\" style=\"background-color:\">MI HISTORIA<\/span><\/div>[vc_column_text css=&#8221;.vc_custom_1618761555783{margin-top: 4.1em !important;margin-bottom: 3em !important;}&#8221; el_class=&#8221;textbio&#8221;]<\/p>\n<p style=\"text-align: justify; color: #808080; font-size: 19px; line-height: 28px;\">D\u00e9jame contarte m\u00e1s sobre m\u00ed.<\/p>\n<p style=\"text-align: justify; color: #808080; font-size: 19px; line-height: 28px;\"><strong>\u00bfCu\u00e1ndo empec\u00e9 a escribir?<\/strong><\/p>\n<p style=\"text-align: justify; color: #808080; font-size: 19px; line-height: 28px;\">Mi relaci\u00f3n con las palabras comenz\u00f3 antes de que pudiera pararme en dos pies.<\/p>\n<p style=\"text-align: justify; color: #808080; font-size: 19px; line-height: 28px;\">Mi madre cuenta que yo comenc\u00e9 a hablar antes que caminar, y eso para mi es prueba suficiente de que la comunicaci\u00f3n es un talento con el que nac\u00ed.<\/p>\n<p style=\"text-align: justify; color: #808080; font-size: 19px; line-height: 28px;\">Cuando ten\u00eda 11 a\u00f1os, recib\u00ed un diario como regalo de cumplea\u00f1os. Sus p\u00e1ginas eran azules y su portada era roja con puntos blancos en forma de coraz\u00f3n, y ten\u00eda una cerradura con llave. Este fue mi primer cuaderno de escritura.<\/p>\n<p style=\"text-align: justify; color: #808080; font-size: 19px; line-height: 28px;\">Empec\u00e9 a escribir en ese peque\u00f1o libro y vert\u00ed mi coraz\u00f3n en las p\u00e1ginas azules de un diario que, como se manten\u00edan con candado,\u00a0 me daban la sensaci\u00f3n de seguridad y me ayud\u00f3 a crear un espacio para jugar y crear. Fue una fuente de afirmaci\u00f3n para la escritora que despertaba dentro de mi.<\/p>\n<p style=\"text-align: justify; color: #808080; font-size: 19px; line-height: 28px;\">Pasaba horas escuchando canciones y sus letras, y jugaba a escribir\u00a0 poemas y canciones propias. Fue mi forma de ejercitar mi creatividad y mi libertad.<\/p>\n<p style=\"text-align: justify; color: #808080; font-size: 19px; line-height: 28px;\">Durante muchos a\u00f1os escrib\u00ed s\u00f3lo para m\u00ed. M\u00e1s adelante en mi vida, hice cursos de escritura creativa y particip\u00e9 en peque\u00f1os concursos, pero siempre mis escritos fueron privados e \u00edntimos y no estaba convencida de que fuera seguro compartir mis historias con el resto del mundo.<\/p>\n<p style=\"text-align: justify; color: #808080; font-size: 19px; line-height: 28px;\">Comenc\u00e9 a tener cada vez m\u00e1s confianza en mis habilidades y poco a poco compart\u00ed mis cuentos con amigos y colegas, y decid\u00ed hacer m\u00e1s de lo que amaba, porque me di cuenta de lo bien que le hac\u00eda a mi salud f\u00edsica, mental y emocional.<\/p>\n<p style=\"text-align: justify; color: #808080; font-size: 19px; line-height: 28px;\">En el 2018 reun\u00ed casi todo el material que quer\u00eda compartir y lo puse a disposici\u00f3n del p\u00fablico en la web www.tortugadeluz.com, esperando poder inspirar a los lectores, e invitarlos a sentir y reflexionar con historias fantasiosas y poemas que provienen de mi propia experiencia de crecimiento personal y espiritual. La Tortuga de Luz fue mi primera obra de cuentos de desarrollo personal y espiritual.<\/p>\n<p style=\"text-align: justify; color: #808080; font-size: 19px; line-height: 28px;\">En el 2020 empec\u00e9 a trabajar en la historia de Laurita Loriquita y la Canci\u00f3n del Coraz\u00f3n con la intenci\u00f3n de que sea la primera de muchas historias que tengo para contar.<\/p>\n<p>[\/vc_column_text]<\/div>[\/vc_column][\/vc_row][vc_row][vc_column width=&#8221;1\/2&#8243; offset=&#8221;vc_col-lg-6 vc_col-md-12&#8243; css=&#8221;.vc_custom_1618761749127{padding-top: 30px !important;}&#8221;]<figure class=\"sc_image  sc_image_shape_square\" style=\"max-width: 570px; border-radius: 35px;\"><img decoding=\"async\" src=\"https:\/\/verofigarella.com\/wp-content\/uploads\/2021\/02\/VERO-2-min.jpg\" alt=\"\" \/><\/figure>[\/vc_column][vc_column width=&#8221;1\/2&#8243; offset=&#8221;vc_col-lg-6&#8243; css=&#8221;.vc_custom_1618761948972{padding-top: 30px !important;}&#8221;]<figure class=\"sc_image  sc_image_shape_square\" style=\"max-width: 570px; border-radius: 35px;\"><img decoding=\"async\" src=\"https:\/\/verofigarella.com\/wp-content\/uploads\/2021\/03\/VERO-opc2-1.jpg\" alt=\"\" \/><\/figure>[\/vc_column][\/vc_row][vc_row][vc_column]<div class=\"sc_content content_wrap margin_bottom_large\" style=\"margin-top:4em;\">[vc_column_text el_class=&#8221;textbio&#8221;]<\/p>\n<p style=\"text-align: justify; color: #808080; font-size: 19px; line-height: 28px;\"><strong>\u00bfSobre qu\u00e9 escribo?<\/strong><\/p>\n<p style=\"text-align: justify; color: #808080; font-size: 19px; line-height: 28px;\">Siempre me ha gustado escribir mis pensamientos, secretos y emociones. Es la mejor manera de despejar mi mente ocupada, conectar con mi alma y liberar mi cuerpo de todas las emociones que me atraviesan.<\/p>\n<p style=\"text-align: justify; color: #808080; font-size: 19px; line-height: 28px;\">Escribir es una forma de respirar y creo que las historias tienen el poder de moldear nuestra vida, especialmente porque las historias que nos contamos sobre qui\u00e9nes somos, determinan nuestras creencias y nuestro actuar en el mundo.<\/p>\n<p style=\"text-align: justify; color: #808080; font-size: 19px; line-height: 28px;\">Por eso escribo principalmente sobre m\u00ed y mis experiencias y con fines terap\u00e9uticos. Al hacerlo, descubro que el proceso creativo tambi\u00e9n es un proceso espiritual. Escribo desde el esp\u00edritu con la esperanza de que mis palabras puedan tocar la vida de los dem\u00e1s de una manera positiva. Veo mis historias como herramientas para ayudar a los lectores a sentirse mejor consigo mismos y a reflexionar sobre su verdadera naturaleza amorosa.<\/p>\n<p style=\"text-align: justify; color: #808080; font-size: 19px; line-height: 28px;\">Todos mis personajes tienen una parte de m\u00ed y los trato con amor y respeto, ya que tambi\u00e9n es una forma de venerar mi experiencia en la vida.<\/p>\n<p style=\"text-align: justify; color: #808080; font-size: 19px; line-height: 28px;\">Me gusta darle un significado profundo a cada historia que escribo y as\u00ed que dejo que los personajes crezcan a su manera, guiados por el prop\u00f3sito que quiero que tengan. Eso significa que mi objetivo es crear personajes que puedan conectarse con la verdad universal del amor. Quiero que mi escritura sea de utilidad, despierte emociones, haga re\u00edr y tambi\u00e9n reflexionar.<\/p>\n<p style=\"text-align: justify; color: #808080; font-size: 19px; line-height: 28px;\"><strong>\u00bfCu\u00e1l es mi motivaci\u00f3n para escribir?<\/strong><\/p>\n<p style=\"text-align: justify; color: #808080; font-size: 19px; line-height: 28px;\">En enero de 2020 decid\u00ed poner mis talentos al servicio de lo que considero m\u00e1s importante en la vida, y es cuidar de la Madre Naturaleza y de las ni\u00f1as y ni\u00f1os del mundo. Entonces mi motivaci\u00f3n para escribir es ayudar a los padres, madres, maestros (as), terapeutas y cuidadores de ni\u00f1os (as), en el desarrollo del sentido de amor propio y la conciencia sobre s\u00ed mismos, para que puedan volverse emocionalmente fuertes y enfrentar los desaf\u00edos sociales que la vida moderna les presenta.<\/p>\n<p style=\"text-align: justify; color: #808080; font-size: 19px; line-height: 28px;\">Creo fielmente que al ayudar a las ni\u00f1as y ni\u00f1os a conectarse con sigo mismos, a trav\u00e9s del juego y el arte, podemos ayudarles a conectarse de vuelta con la Madre Naturaleza, que es la fuente de todo lo que tenemos en este planeta, y ense\u00f1arlos as\u00ed a cuidar sus preciados recursos.<\/p>\n<p style=\"text-align: justify; color: #808080; font-size: 19px; line-height: 28px;\"><strong>\u00bfPor qu\u00e9 escribo sobre les ni\u00f1os (as) y la naturaleza?<\/strong><\/p>\n<p style=\"text-align: justify; color: #808080; font-size: 19px; line-height: 28px;\">Porque esos son mis seres favoritos en el mundo y me encanta divertirme con ellos (as).<\/p>\n<p style=\"text-align: justify; color: #808080; font-size: 19px; line-height: 28px;\">Es muy divertido hacer de los ni\u00f1os y ni\u00f1as mi \u201cexpertos (as) en el tema\u201d. Me encanta decir que \u201clos (as) ni\u00f1os (as) son mis jefes\u201d.<\/p>\n<p style=\"text-align: justify; color: #808080; font-size: 19px; line-height: 28px;\">Ellos (as) son pura luz, pura alegr\u00eda, pura honestidad y el usar animales para transmitir mis mensajes, me ayudan a sentir que puedo convertirme en un v\u00ednculo entre ellos (as) y la naturaleza, y me pone en contacto con lo que amo hacer y as\u00ed me siento m\u00e1s viva.<\/p>\n<p style=\"text-align: justify; color: #808080; font-size: 19px; line-height: 28px;\"><strong>\u00bfY cu\u00e1l es la misi\u00f3n de mi vida?<\/strong><\/p>\n<p style=\"text-align: justify; color: #808080; font-size: 19px; line-height: 28px;\">Vivirla feliz, y para eso siento que quiero devolver al mundo lo que he aprendido a lo largo de a\u00f1os de autodescubrimiento, en forma de mis delicadas obras literarias. Si puedo ayudar, aunque sea un poquito, a que las ni\u00f1as y ni\u00f1os sean m\u00e1s conscientes de sus emociones, para que puedan volverse emocionalmente fuertes e independientes y as\u00ed tratar a nuestro planeta de una manera m\u00e1s amorosa, habr\u00e9 cumplido el deseo de mi coraz\u00f3n.<\/p>\n<p style=\"text-align: justify; color: #808080; font-size: 19px; line-height: 28px;\">Quiero que todos (as) se sientan mejor consigo mismos (as) y amen sus vidas como son, porque la verdad \u00faltima es que todos somos seres perfectos.<\/p>\n<p style=\"text-align: justify; color: #808080; font-size: 19px; line-height: 28px;\">Creo que todas (os) tenemos derecho a vivir una vida m\u00e1s feliz, y es mi deseo ayudar creando historias maravillosas que permitan a ni\u00f1os, ni\u00f1as y adultos a volver a su inocencia.<\/p>\n<p style=\"text-align: justify; color: #808080; font-size: 19px; line-height: 28px;\"><strong>\u00bfDe d\u00f3nde soy y c\u00f3mo llegu\u00e9 aqu\u00ed?<\/strong><\/p>\n<p style=\"text-align: justify; color: #808080; font-size: 19px; line-height: 28px;\">Nac\u00ed en un planeta muy lejano en otra galaxia\u2026. Es broma, pero s\u00ed, a veces siento que soy una extraterrestre.<\/p>\n<p style=\"text-align: justify; color: #808080; font-size: 19px; line-height: 28px;\">Nac\u00ed en Venezuela, me convert\u00ed en ciudadana australiana en 2010 y soy residente en Peruana, por lo que me siento 35% venezolana, 30% australiana, 30% peruano y 5% de otro planeta.<\/p>\n<p style=\"text-align: justify; color: #808080; font-size: 19px; line-height: 28px;\">Realmente no s\u00e9 c\u00f3mo llegu\u00e9 a este hermoso planeta, tal vez fue parte de un plan m\u00e1s grande, pero estoy disfrutando el viaje de convertirme en la mejor versi\u00f3n de m\u00ed y perseguir mi sue\u00f1o de hacer una vida de lo que m\u00e1s amo.<\/p>\n<p style=\"text-align: justify; color: #808080; font-size: 19px; line-height: 28px;\">Y por \u00faltimo, pero no menos importante,<\/p>\n<p style=\"text-align: justify; color: #808080; font-size: 19px; line-height: 28px;\"><strong>\u00bfCu\u00e1l es mi pel\u00edcula infantil favorita?<\/strong><\/p>\n<p style=\"text-align: justify; color: #808080; font-size: 19px; line-height: 28px;\">\u00a1Buscando a Nemo, por supuesto!<\/p>\n<p style=\"text-align: justify; color: #808080; font-size: 19px; line-height: 28px;\">Todos somos peces en este hermoso mar llamado vida.<\/p>\n<p style=\"text-align: justify; color: #808080; font-size: 19px; line-height: 28px;\">Si quieres conocer m\u00e1s sobre mi historia profesional, puedes revisar mi perfil de Linkedin <a href=\"https:\/\/www.linkedin.com\/in\/vfigar\/\" target=\"_blank\" rel=\"noopener\">aqu\u00ed<\/a><\/p>\n<p>[\/vc_column_text]<\/div>[\/vc_column][\/vc_row][vc_row full_width=&#8221;stretch_row_content_no_spaces&#8221;][vc_column][vc_column_text]\n<div id=\"sb_instagram\"  class=\"sbi sbi_mob_col_1 sbi_tab_col_2 sbi_col_6\" style=\"width: 100%;\"\t data-feedid=\"sbi_17841407784759485rdm#12\"  data-res=\"medium\" data-cols=\"6\" data-colsmobile=\"1\" data-colstablet=\"2\" data-num=\"12\" data-nummobile=\"\" data-item-padding=\"\"\t data-shortcode-atts=\"{&quot;cachetime&quot;:30}\"  data-postid=\"1447\" data-locatornonce=\"8b8a8ac2a5\" data-imageaspectratio=\"1:1\" data-sbi-flags=\"favorLocal\">\n\t\n\t<div id=\"sbi_images\" >\n\t\t\t<\/div>\n\n\t<div id=\"sbi_load\" >\n\n\t\n\t\n<\/div>\n\t\t<span class=\"sbi_resized_image_data\" data-feed-id=\"sbi_17841407784759485rdm#12\"\n\t\t  data-resized=\"[]\">\n\t<\/span>\n\t<\/div>\n\n[\/vc_column_text][\/vc_column][\/vc_row][vc_row full_width=&#8221;stretch_row_content_no_spaces&#8221; css=&#8221;.vc_custom_1613366804118{background-color: #ff505f !important;}&#8221;][vc_column]<div class=\"sc_content content_wrap margin_bottom_large\"><h3 class=\"sc_title sc_title_regular sc_align_center\" style=\"margin-top: 1.67em; margin-bottom: 0.1em;text-align:center;color:#ffffff;font-weight:300;\"><span class=\"content-title\"><strong>Mantente en contacto conmigo<\/strong><\/span><\/h3>[vc_column_text]<\/p>\n<p style=\"text-align: center; color: #ffffff; font-family: 'Montserrat',sans-serif;\">y ent\u00e9rate antes de mis nuevas publicaciones<\/p>\n<p>[\/vc_column_text][vc_column_text]<\/p>\n<div style=\"max-width: 570px; margin: 2.5em auto 0;\">\n<div class=\"wpcf7 no-js\" id=\"wpcf7-f1711-o1\" lang=\"en-US\" dir=\"ltr\" data-wpcf7-id=\"1711\">\n<div class=\"screen-reader-response\"><p role=\"status\" aria-live=\"polite\" aria-atomic=\"true\"><\/p> <ul><\/ul><\/div>\n<form action=\"\/es\/wp-json\/wp\/v2\/pages\/1447#wpcf7-f1711-o1\" method=\"post\" class=\"wpcf7-form init\" aria-label=\"Contact form\" novalidate=\"novalidate\" data-status=\"init\">\n<div style=\"display: none;\">\n<input type=\"hidden\" name=\"_wpcf7\" value=\"1711\" \/>\n<input type=\"hidden\" name=\"_wpcf7_version\" value=\"6.0.6\" \/>\n<input type=\"hidden\" name=\"_wpcf7_locale\" value=\"en_US\" \/>\n<input type=\"hidden\" name=\"_wpcf7_unit_tag\" value=\"wpcf7-f1711-o1\" \/>\n<input type=\"hidden\" name=\"_wpcf7_container_post\" value=\"0\" \/>\n<input type=\"hidden\" name=\"_wpcf7_posted_data_hash\" value=\"\" \/>\n<input type=\"hidden\" name=\"_wpcf7_recaptcha_response\" value=\"\" \/>\n<\/div>\n<div class=\"sc_emailer_content\">\n\t<p><span class=\"wpcf7-form-control-wrap\" data-name=\"email-en\"><input size=\"40\" maxlength=\"400\" class=\"wpcf7-form-control wpcf7-email wpcf7-validates-as-required wpcf7-text wpcf7-validates-as-email sc_input\" aria-required=\"true\" aria-invalid=\"false\" placeholder=\"Correo electr\u00f3nico\" value=\"\" type=\"email\" name=\"email-en\" \/><\/span>\n\t<\/p>\n\t<p><input class=\"wpcf7-form-control wpcf7-submit has-spinner sc_button sc_button_iconed icon-right\" type=\"submit\" value=\"ENVIAR\" \/>\n\t<\/p>\n<\/div>\n<div class=\"sc_form_field sc_form_field_checkbox\">\n\t<p><span class=\"wpcf7-form-control-wrap\" data-name=\"acceptance-en\"><span class=\"wpcf7-form-control wpcf7-acceptance\"><span class=\"wpcf7-list-item\"><label><input type=\"checkbox\" name=\"acceptance-en\" value=\"1\" aria-invalid=\"false\" \/><span class=\"wpcf7-list-item-label\">Estoy de acuerdo con compartir mi informaci\u00f3n para que sea almacenada y recibir contenido de Vero Figarella. Tus datos no se compartir\u00e1n con terceros para fines comerciales y puedes darte de baja de nuestra lista en cualquier momento.<\/span><\/label><\/span><\/span><\/span>\n\t<\/p>\n<\/div><div class=\"wpcf7-response-output\" aria-hidden=\"true\"><\/div>\n<\/form>\n<\/div>\n<\/div>\n<p>[\/vc_column_text]<\/div>[\/vc_column][\/vc_row]<\/p>\n","protected":false},"excerpt":{"rendered":"<p>[vc_row css=&#8221;.vc_custom_1455890899731{background-position: center !important;background-repeat: no-repeat !important;background-size: cover !important;}&#8221;][vc_column][\/vc_column][\/vc_row][vc_row][vc_column][\/vc_column][\/vc_row][vc_row][vc_column width=&#8221;1\/2&#8243; offset=&#8221;vc_col-lg-6 vc_col-md-12&#8243; css=&#8221;.vc_custom_1618761749127{padding-top: 30px !important;}&#8221;][\/vc_column][vc_column width=&#8221;1\/2&#8243; offset=&#8221;vc_col-lg-6&#8243; css=&#8221;.vc_custom_1618761948972{padding-top: 30px !important;}&#8221;][\/vc_column][\/vc_row][vc_row][vc_column][\/vc_column][\/vc_row][vc_row full_width=&#8221;stretch_row_content_no_spaces&#8221;][vc_column][vc_column_text][\/vc_column_text][\/vc_column][\/vc_row][vc_row full_width=&#8221;stretch_row_content_no_spaces&#8221; css=&#8221;.vc_custom_1613366804118{background-color: #ff505f !important;}&#8221;][vc_column][\/vc_column][\/vc_row]<\/p>\n","protected":false},"author":1,"featured_media":0,"parent":0,"menu_order":0,"comment_status":"closed","ping_status":"closed","template":"","meta":{"footnotes":""},"class_list":["post-1447","page","type-page","status-publish","hentry"],"yoast_head":"<!-- This site is optimized with the Yoast SEO plugin v25.2 - https:\/\/yoast.com\/wordpress\/plugins\/seo\/ -->\n<title>Mi Historia - Vero Figarella<\/title>\n<meta name=\"robots\" content=\"index, follow, max-snippet:-1, max-image-preview:large, max-video-preview:-1\" \/>\n<link rel=\"canonical\" href=\"https:\/\/verofigarella.com\/es\/mi-historia\/\" \/>\n<meta property=\"og:locale\" content=\"es_ES\" \/>\n<meta property=\"og:type\" content=\"article\" \/>\n<meta property=\"og:title\" content=\"Mi Historia - Vero Figarella\" \/>\n<meta property=\"og:description\" content=\"[vc_row css=&#8221;.vc_custom_1455890899731{background-position: center !important;background-repeat: no-repeat !important;background-size: cover !important;}&#8221;][vc_column][\/vc_column][\/vc_row][vc_row][vc_column][\/vc_column][\/vc_row][vc_row][vc_column width=&#8221;1\/2&#8243; offset=&#8221;vc_col-lg-6 vc_col-md-12&#8243; css=&#8221;.vc_custom_1618761749127{padding-top: 30px !important;}&#8221;][\/vc_column][vc_column width=&#8221;1\/2&#8243; offset=&#8221;vc_col-lg-6&#8243; css=&#8221;.vc_custom_1618761948972{padding-top: 30px !important;}&#8221;][\/vc_column][\/vc_row][vc_row][vc_column][\/vc_column][\/vc_row][vc_row full_width=&#8221;stretch_row_content_no_spaces&#8221;][vc_column][vc_column_text][\/vc_column_text][\/vc_column][\/vc_row][vc_row full_width=&#8221;stretch_row_content_no_spaces&#8221; css=&#8221;.vc_custom_1613366804118{background-color: #ff505f !important;}&#8221;][vc_column][\/vc_column][\/vc_row]\" \/>\n<meta property=\"og:url\" content=\"https:\/\/verofigarella.com\/es\/mi-historia\/\" \/>\n<meta property=\"og:site_name\" content=\"Vero Figarella\" \/>\n<meta property=\"article:modified_time\" content=\"2021-04-18T16:05:54+00:00\" \/>\n<meta name=\"twitter:card\" content=\"summary_large_image\" \/>\n<meta name=\"twitter:label1\" content=\"Tiempo de lectura\" \/>\n\t<meta name=\"twitter:data1\" content=\"7 minutos\" \/>\n<script type=\"application\/ld+json\" class=\"yoast-schema-graph\">{\"@context\":\"https:\/\/schema.org\",\"@graph\":[{\"@type\":\"WebPage\",\"@id\":\"https:\/\/verofigarella.com\/es\/mi-historia\/\",\"url\":\"https:\/\/verofigarella.com\/es\/mi-historia\/\",\"name\":\"Mi Historia - Vero Figarella\",\"isPartOf\":{\"@id\":\"https:\/\/verofigarella.com\/en\/#website\"},\"datePublished\":\"2021-03-09T02:11:43+00:00\",\"dateModified\":\"2021-04-18T16:05:54+00:00\",\"breadcrumb\":{\"@id\":\"https:\/\/verofigarella.com\/es\/mi-historia\/#breadcrumb\"},\"inLanguage\":\"es\",\"potentialAction\":[{\"@type\":\"ReadAction\",\"target\":[\"https:\/\/verofigarella.com\/es\/mi-historia\/\"]}]},{\"@type\":\"BreadcrumbList\",\"@id\":\"https:\/\/verofigarella.com\/es\/mi-historia\/#breadcrumb\",\"itemListElement\":[{\"@type\":\"ListItem\",\"position\":1,\"name\":\"Home\",\"item\":\"https:\/\/verofigarella.com\/es\/\"},{\"@type\":\"ListItem\",\"position\":2,\"name\":\"Mi Historia\"}]},{\"@type\":\"WebSite\",\"@id\":\"https:\/\/verofigarella.com\/en\/#website\",\"url\":\"https:\/\/verofigarella.com\/en\/\",\"name\":\"Vero Figarella\",\"description\":\"\",\"publisher\":{\"@id\":\"https:\/\/verofigarella.com\/en\/#\/schema\/person\/e92625ac0b706607537c23f0d3ca1d48\"},\"potentialAction\":[{\"@type\":\"SearchAction\",\"target\":{\"@type\":\"EntryPoint\",\"urlTemplate\":\"https:\/\/verofigarella.com\/en\/?s={search_term_string}\"},\"query-input\":{\"@type\":\"PropertyValueSpecification\",\"valueRequired\":true,\"valueName\":\"search_term_string\"}}],\"inLanguage\":\"es\"},{\"@type\":[\"Person\",\"Organization\"],\"@id\":\"https:\/\/verofigarella.com\/en\/#\/schema\/person\/e92625ac0b706607537c23f0d3ca1d48\",\"name\":\"Veronica Figarella\",\"image\":{\"@type\":\"ImageObject\",\"inLanguage\":\"es\",\"@id\":\"https:\/\/verofigarella.com\/en\/#\/schema\/person\/image\/\",\"url\":\"https:\/\/verofigarella.com\/wp-content\/uploads\/2021\/11\/LOGO-VERO_pago.png\",\"contentUrl\":\"https:\/\/verofigarella.com\/wp-content\/uploads\/2021\/11\/LOGO-VERO_pago.png\",\"width\":100,\"height\":72,\"caption\":\"Veronica Figarella\"},\"logo\":{\"@id\":\"https:\/\/verofigarella.com\/en\/#\/schema\/person\/image\/\"}}]}<\/script>\n<!-- \/ Yoast SEO plugin. -->","yoast_head_json":{"title":"Mi Historia - Vero Figarella","robots":{"index":"index","follow":"follow","max-snippet":"max-snippet:-1","max-image-preview":"max-image-preview:large","max-video-preview":"max-video-preview:-1"},"canonical":"https:\/\/verofigarella.com\/es\/mi-historia\/","og_locale":"es_ES","og_type":"article","og_title":"Mi Historia - Vero Figarella","og_description":"[vc_row css=&#8221;.vc_custom_1455890899731{background-position: center !important;background-repeat: no-repeat !important;background-size: cover !important;}&#8221;][vc_column][\/vc_column][\/vc_row][vc_row][vc_column][\/vc_column][\/vc_row][vc_row][vc_column width=&#8221;1\/2&#8243; offset=&#8221;vc_col-lg-6 vc_col-md-12&#8243; css=&#8221;.vc_custom_1618761749127{padding-top: 30px !important;}&#8221;][\/vc_column][vc_column width=&#8221;1\/2&#8243; offset=&#8221;vc_col-lg-6&#8243; css=&#8221;.vc_custom_1618761948972{padding-top: 30px !important;}&#8221;][\/vc_column][\/vc_row][vc_row][vc_column][\/vc_column][\/vc_row][vc_row full_width=&#8221;stretch_row_content_no_spaces&#8221;][vc_column][vc_column_text][\/vc_column_text][\/vc_column][\/vc_row][vc_row full_width=&#8221;stretch_row_content_no_spaces&#8221; css=&#8221;.vc_custom_1613366804118{background-color: #ff505f !important;}&#8221;][vc_column][\/vc_column][\/vc_row]","og_url":"https:\/\/verofigarella.com\/es\/mi-historia\/","og_site_name":"Vero Figarella","article_modified_time":"2021-04-18T16:05:54+00:00","twitter_card":"summary_large_image","twitter_misc":{"Tiempo de lectura":"7 minutos"},"schema":{"@context":"https:\/\/schema.org","@graph":[{"@type":"WebPage","@id":"https:\/\/verofigarella.com\/es\/mi-historia\/","url":"https:\/\/verofigarella.com\/es\/mi-historia\/","name":"Mi Historia - Vero Figarella","isPartOf":{"@id":"https:\/\/verofigarella.com\/en\/#website"},"datePublished":"2021-03-09T02:11:43+00:00","dateModified":"2021-04-18T16:05:54+00:00","breadcrumb":{"@id":"https:\/\/verofigarella.com\/es\/mi-historia\/#breadcrumb"},"inLanguage":"es","potentialAction":[{"@type":"ReadAction","target":["https:\/\/verofigarella.com\/es\/mi-historia\/"]}]},{"@type":"BreadcrumbList","@id":"https:\/\/verofigarella.com\/es\/mi-historia\/#breadcrumb","itemListElement":[{"@type":"ListItem","position":1,"name":"Home","item":"https:\/\/verofigarella.com\/es\/"},{"@type":"ListItem","position":2,"name":"Mi Historia"}]},{"@type":"WebSite","@id":"https:\/\/verofigarella.com\/en\/#website","url":"https:\/\/verofigarella.com\/en\/","name":"Vero Figarella","description":"","publisher":{"@id":"https:\/\/verofigarella.com\/en\/#\/schema\/person\/e92625ac0b706607537c23f0d3ca1d48"},"potentialAction":[{"@type":"SearchAction","target":{"@type":"EntryPoint","urlTemplate":"https:\/\/verofigarella.com\/en\/?s={search_term_string}"},"query-input":{"@type":"PropertyValueSpecification","valueRequired":true,"valueName":"search_term_string"}}],"inLanguage":"es"},{"@type":["Person","Organization"],"@id":"https:\/\/verofigarella.com\/en\/#\/schema\/person\/e92625ac0b706607537c23f0d3ca1d48","name":"Veronica Figarella","image":{"@type":"ImageObject","inLanguage":"es","@id":"https:\/\/verofigarella.com\/en\/#\/schema\/person\/image\/","url":"https:\/\/verofigarella.com\/wp-content\/uploads\/2021\/11\/LOGO-VERO_pago.png","contentUrl":"https:\/\/verofigarella.com\/wp-content\/uploads\/2021\/11\/LOGO-VERO_pago.png","width":100,"height":72,"caption":"Veronica Figarella"},"logo":{"@id":"https:\/\/verofigarella.com\/en\/#\/schema\/person\/image\/"}}]}},"_links":{"self":[{"href":"https:\/\/verofigarella.com\/es\/wp-json\/wp\/v2\/pages\/1447","targetHints":{"allow":["GET"]}}],"collection":[{"href":"https:\/\/verofigarella.com\/es\/wp-json\/wp\/v2\/pages"}],"about":[{"href":"https:\/\/verofigarella.com\/es\/wp-json\/wp\/v2\/types\/page"}],"author":[{"embeddable":true,"href":"https:\/\/verofigarella.com\/es\/wp-json\/wp\/v2\/users\/1"}],"replies":[{"embeddable":true,"href":"https:\/\/verofigarella.com\/es\/wp-json\/wp\/v2\/comments?post=1447"}],"version-history":[{"count":28,"href":"https:\/\/verofigarella.com\/es\/wp-json\/wp\/v2\/pages\/1447\/revisions"}],"predecessor-version":[{"id":2147,"href":"https:\/\/verofigarella.com\/es\/wp-json\/wp\/v2\/pages\/1447\/revisions\/2147"}],"wp:attachment":[{"href":"https:\/\/verofigarella.com\/es\/wp-json\/wp\/v2\/media?parent=1447"}],"curies":[{"name":"wp","href":"https:\/\/api.w.org\/{rel}","templated":true}]}}