{"id":1748,"date":"2021-03-25T02:58:19","date_gmt":"2021-03-25T02:58:19","guid":{"rendered":"https:\/\/verofigarella.com\/politicas-de-privacidad\/"},"modified":"2021-03-28T01:27:56","modified_gmt":"2021-03-28T01:27:56","slug":"politicas-de-privacidad","status":"publish","type":"page","link":"https:\/\/verofigarella.com\/es\/politicas-de-privacidad\/","title":{"rendered":"Pol\u00edticas de Privacidad"},"content":{"rendered":"<p>[vc_row hide_bg_image_on_tablet=&#8221;&#8221; hide_bg_image_on_mobile=&#8221;&#8221; css=&#8221;.vc_custom_1527690588959{background-color: #f7f8f9 !important;}&#8221;][vc_column icons_position=&#8221;left&#8221;][vc_empty_space height=&#8221;4em&#8221; alter_height=&#8221;none&#8221; hide_on_mobile=&#8221;&#8221; hide_on_desktop=&#8221;&#8221; hide_on_notebook=&#8221;&#8221; hide_on_tablet=&#8221;&#8221;][vc_column_text]<\/p>\n<h5>1. Respetamos su privacidad<\/h5>\n<ol type=\"a\">\n<li>Veronica Figarella respeta su derecho a la privacidad y se compromete a proteger la privacidad de nuestros clientes y visitantes del sitio web. Nos adherimos a los principios Australianos de privacidad contenidos en la Ley de privacidad de 1988 (Cth). Esta pol\u00edtica establece c\u00f3mo recopilamos y tratamos su informaci\u00f3n personal.<\/li>\n<li>&#8220;Informaci\u00f3n personal&#8221; es la informaci\u00f3n que tenemos y que se puede identificar como usted.<\/li>\n<\/ol>\n<h5>2. Recopilaci\u00f3n de informaci\u00f3n personal<\/h5>\n<ol type=\"a\">\n<li>Veronica Figarella, de vez en cuando, recibir\u00e1 y almacenar\u00e1 informaci\u00f3n personal ingresa a nuestro sitio web, que se nos proporciona directamente o se nos proporciona en otros formularios.<\/li>\n<li>Puede proporcionar informaci\u00f3n b\u00e1sica como su nombre, n\u00famero de tel\u00e9fono, direcci\u00f3n y direcci\u00f3n de correo electr\u00f3nico para permitirnos enviar informaci\u00f3n, proporcionar actualizaciones y procesar su pedido de producto o servicio. Podemos recopilar informaci\u00f3n adicional en otros momentos, incluido, entre otros, cuando proporciona comentarios, cuando proporciona informaci\u00f3n sobre sus asuntos personales o comerciales, cambie su contenido o correo electr\u00f3nico preferencia, responder a encuestas y \/ o promociones, proporcionar tarjeta financiera o de cr\u00e9dito informaci\u00f3n o comunicarse con nuestro servicio de atenci\u00f3n al cliente.<\/li>\n<li>Adem\u00e1s, tambi\u00e9n podemos recopilar cualquier otra informaci\u00f3n que proporcione mientras interactuando con nosotros.<\/li>\n<\/ol>\n<h5>3. C\u00f3mo recopilamos su informaci\u00f3n personal<\/h5>\n<ol type=\"a\">\n<li>Veronica Figarella recopila informaci\u00f3n personal sobre usted de diversas formas, incluso cuando interact\u00faa con nosotros electr\u00f3nicamente o en persona, cuando accede nuestro sitio web y cuando le proporcionamos nuestros servicios. Podemos recibir personal informaci\u00f3n de terceros. Si lo hacemos, lo protegeremos como se establece en esta Privacidad. Pol\u00edtica.<\/li>\n<\/ol>\n<h5>4. Uso de su informaci\u00f3n personal<\/h5>\n<ol type=\"a\">\n<li>Veronica Figarella puede utilizar la informaci\u00f3n personal recopilada de usted para proporcionarle con informaci\u00f3n, actualizaciones y nuestros servicios. Tambi\u00e9n podemos informarle sobre nuevas y productos, servicios y oportunidades adicionales disponibles para usted. Podemos usar su informaci\u00f3n personal para mejorar nuestros productos y servicios y mejor comprender sus necesidades.<\/li>\n<li>Veronica Figarella puede comunicarse con usted mediante una variedad de medidas que incluyen, pero no limitado a tel\u00e9fono, correo electr\u00f3nico, sms o correo.<\/li>\n<\/ol>\n<h5>5. Divulgaci\u00f3n de su informaci\u00f3n personal<\/h5>\n<ol type=\"a\">\n<li>Podemos divulgar su informaci\u00f3n personal a cualquiera de nuestros empleados, funcionarios, aseguradores, asesores profesionales, agentes, proveedores o subcontratistas en la medida en que sea razonablemente necesario para los fines establecidos en esta Pol\u00edtica. . La informaci\u00f3n personal solo se proporciona a un tercero cuando es necesaria para la prestaci\u00f3n de nuestros servicios.<\/li>\n<li>Es posible que de vez en cuando necesitemos divulgar informaci\u00f3n personal para cumplir con un requisito legal, como una ley, reglamento, orden judicial, citaci\u00f3n, orden judicial, en el curso de un procedimiento legal o en respuesta a una agencia de aplicaci\u00f3n de la ley. petici\u00f3n.<\/li>\n<li>Tambi\u00e9n podemos utilizar su informaci\u00f3n personal para proteger los derechos de autor, marcas comerciales, derechos legales, propiedad o seguridad de Veronica Figarella, www.verofigarella.com, sus clientes o terceros.<\/li>\n<li>La informaci\u00f3n que recopilamos puede almacenarse, procesarse o transferirse de vez en cuando entre partes ubicadas en pa\u00edses fuera de Australia. Estos pueden incluir, entre otros, Per\u00fa y Estados Unidos de Am\u00e9rica.<\/li>\n<li>Si hay un cambio de control en nuestro negocio o una venta o transferencia de activos comerciales, nos reservamos el derecho de transferir, en la medida permitida por la ley, nuestras bases de datos de usuarios, junto con cualquier informaci\u00f3n personal e informaci\u00f3n no personal contenida en esas bases de datos. Esta informaci\u00f3n puede ser divulgada a un comprador potencial bajo un acuerdo para mantener la confidencialidad. Intentaremos divulgar informaci\u00f3n \u00fanicamente de buena fe y cuando as\u00ed lo requiera cualquiera de las circunstancias anteriores.<\/li>\n<li>Al proporcionarnos informaci\u00f3n personal, usted acepta los t\u00e9rminos de esta Pol\u00edtica de privacidad y los tipos de divulgaci\u00f3n cubiertos por esta Pol\u00edtica. Cuando divulguemos su informaci\u00f3n personal a terceros, solicitaremos que el tercero siga esta Pol\u00edtica con respecto al manejo de su informaci\u00f3n personal.<\/li>\n<\/ol>\n<h5>6. Seguridad de su informaci\u00f3n personal<\/h5>\n<ol type=\"a\">\n<li>Veronica Figarella se compromete a garantizar que la informaci\u00f3n que nos proporciona est\u00e9 segura. Para evitar el acceso o la divulgaci\u00f3n no autorizados, hemos implementado procedimientos f\u00edsicos, electr\u00f3nicos y administrativos adecuados para salvaguardar y asegurar la informaci\u00f3n y protegerla del uso indebido, la interferencia, la p\u00e9rdida y el acceso, la modificaci\u00f3n y la divulgaci\u00f3n no autorizados.<\/li>\n<li>La transmisi\u00f3n e intercambio de informaci\u00f3n se realiza bajo su propio riesgo. No podemos garantizar la seguridad de la informaci\u00f3n que nos transmita, o recibir de nosotros. Aunque tomamos medidas para protegernos contra las divulgaciones no autorizadas de informaci\u00f3n<br \/>\nno podemos asegurarle que la informaci\u00f3n personal que recopilemos no se divulgar\u00e1 de una manera que sea incompatible con esta Pol\u00edtica de privacidad.<\/li>\n<\/ol>\n<h5>7. Acceso a su informaci\u00f3n personal<\/h5>\n<ol type=\"a\">\n<li>Puede solicitar detalles de la informaci\u00f3n personal que tenemos sobre usted de acuerdo con las disposiciones de la Ley de Privacidad de 1988 (Cth). Un peque\u00f1o Se puede pagar una tasa administrativa por el suministro de informaci\u00f3n. Si desea una copia de la informaci\u00f3n que tenemos sobre usted o cree que la informaci\u00f3n que tenemos sobre usted es inexacta, desactualizada, incompleta, irrelevante o enga\u00f1osa, env\u00edenos un correo electr\u00f3nico a <a href=\"mailto:hola@verofigarella.com\">hola@verofigarella.com<\/a>.<\/li>\n<li>Nos reservamos el derecho a negarnos a proporcionarle la informaci\u00f3n que tenemos sobre usted, en determinadas circunstancias establecidas en la Ley de Privacidad.<\/li>\n<\/ol>\n<h5>8. Quejas sobre privacidad<\/h5>\n<ol type=\"a\">\n<li>Si tiene alguna queja sobre nuestras pr\u00e1cticas de privacidad, no dude en enviar los detalles de sus quejas al 8\/117 Duncan st, Maroubra, Nueva Gales del Sur, 2035 o puede enviar un correo a <a href=\"mailto:hola@verofigarella.com\">hola@verofigarella.com<\/a>. Nos tomamos las quejas muy en serio y responderemos poco despu\u00e9s de recibirlas por escrito. aviso de su queja.<\/li>\n<\/ol>\n<h5>9. Cambios en la pol\u00edtica de privacidad<\/h5>\n<ol type=\"a\">\n<li>Tenga en cuenta que podemos cambiar esta Pol\u00edtica de privacidad en el futuro. Podemos modificar esta Pol\u00edtica en cualquier momento, a nuestro exclusivo criterio, y todas las modificaciones entrar\u00e1n en vigencia inmediatamente despu\u00e9s de que publiquemos las modificaciones en nuestro sitio web o tabl\u00f3n de anuncios. Vuelva a consultar de vez en cuando para revisar nuestra Pol\u00edtica de privacidad.<\/li>\n<\/ol>\n<h5>10. Sitio web<\/h5>\n<ol type=\"a\">\n<li>Cuando visita nuestro sitio web (<a href=\"https:\/\/verofigarella.vpsemotiv.com\">www.verofigarella.com<\/a>), podemos recopilar cierta informaci\u00f3n, como el tipo de navegador, el sistema operativo, el sitio web visitado inmediatamente antes de ingresar a nuestro sitio, etc. Esta informaci\u00f3n se utiliza de manera agregada para analizar c\u00f3mo las personas usan nuestro sitio, de modo que podamos mejorar nuestro servicio.<\/li>\n<li>Cookies: Es posible que de vez en cuando utilicemos cookies en nuestro sitio web. Las cookies son archivos muy peque\u00f1os que un sitio web utiliza para identificarlo cuando regresa al sitio y para almacenar detalles sobre su uso del sitio. Las cookies no son programas maliciosos que acceden o da\u00f1ar su computadora. La mayor\u00eda de los navegadores web aceptan autom\u00e1ticamente las cookies, pero puede optar por rechazar las cookies cambiando la configuraci\u00f3n de su navegador. Sin embargo, esto puede impedirle aprovechar al m\u00e1ximo nuestro sitio web. Nuestro sitio web puede usar cookies de vez en cuando para analizar el tr\u00e1fico del sitio web y ayudarnos a brindar una mejor experiencia a los visitantes del sitio web. Adem\u00e1s, las cookies se pueden utilizar para mostrar anuncios relevantes a los visitantes del sitio web a trav\u00e9s de servicios de terceros como Google Adwords. Estos anuncios pueden aparecer en este sitio web o en otros sitios web que visite.<\/li>\n<li>Sitios de terceros: Nuestro sitio puede tener de vez en cuando enlaces a otros sitios web que no son de su propiedad o controlado por nosotros. Estos enlaces est\u00e1n destinados \u00fanicamente a su conveniencia. Los enlaces a sitios web de terceros no constituyen patrocinio, respaldo o aprobaci\u00f3n de estos sitios web. Tenga en cuenta que Veronica Figarella no es responsable de la pr\u00e1cticas de privacidad de otros sitios web similares. Alentamos a nuestros usuarios a estar atentos, cuando abandonan nuestro sitio web, para leer las declaraciones de privacidad de todos y cada uno de los sitios web que recopilan informaci\u00f3n de identificaci\u00f3n personal.<\/li>\n<\/ol>\n<p>[\/vc_column_text][vc_empty_space height=&#8221;4em&#8221; alter_height=&#8221;none&#8221; hide_on_mobile=&#8221;&#8221; hide_on_desktop=&#8221;&#8221; hide_on_notebook=&#8221;&#8221; hide_on_tablet=&#8221;&#8221;][\/vc_column][\/vc_row][vc_row][vc_column icons_position=&#8221;left&#8221;][vc_empty_space height=&#8221;8em&#8221; alter_height=&#8221;none&#8221; hide_on_mobile=&#8221;&#8221; hide_on_desktop=&#8221;&#8221; hide_on_notebook=&#8221;&#8221; hide_on_tablet=&#8221;&#8221;][\/vc_column][\/vc_row]<\/p>\n","protected":false},"excerpt":{"rendered":"<p>[vc_row hide_bg_image_on_tablet=&#8221;&#8221; hide_bg_image_on_mobile=&#8221;&#8221; css=&#8221;.vc_custom_1527690588959{background-color: #f7f8f9 !important;}&#8221;][vc_column icons_position=&#8221;left&#8221;][vc_empty_space height=&#8221;4em&#8221; alter_height=&#8221;none&#8221; hide_on_mobile=&#8221;&#8221; hide_on_desktop=&#8221;&#8221; hide_on_notebook=&#8221;&#8221; hide_on_tablet=&#8221;&#8221;][vc_column_text] 1. Respetamos su privacidad Veronica Figarella respeta su derecho a la privacidad y se compromete a proteger la privacidad de nuestros clientes y visitantes del sitio web. Nos adherimos a los principios Australianos de privacidad contenidos en la Ley de privacidad de [&hellip;]<\/p>\n","protected":false},"author":1,"featured_media":0,"parent":0,"menu_order":0,"comment_status":"closed","ping_status":"closed","template":"","meta":{"footnotes":""},"class_list":["post-1748","page","type-page","status-publish","hentry"],"yoast_head":"<!-- This site is optimized with the Yoast SEO plugin v25.2 - https:\/\/yoast.com\/wordpress\/plugins\/seo\/ -->\n<title>Pol\u00edticas de Privacidad - Vero Figarella<\/title>\n<meta name=\"robots\" content=\"index, follow, max-snippet:-1, max-image-preview:large, max-video-preview:-1\" \/>\n<link rel=\"canonical\" href=\"https:\/\/verofigarella.com\/es\/politicas-de-privacidad\/\" \/>\n<meta property=\"og:locale\" content=\"es_ES\" \/>\n<meta property=\"og:type\" content=\"article\" \/>\n<meta property=\"og:title\" content=\"Pol\u00edticas de Privacidad - Vero Figarella\" \/>\n<meta property=\"og:description\" content=\"[vc_row hide_bg_image_on_tablet=&#8221;&#8221; hide_bg_image_on_mobile=&#8221;&#8221; css=&#8221;.vc_custom_1527690588959{background-color: #f7f8f9 !important;}&#8221;][vc_column icons_position=&#8221;left&#8221;][vc_empty_space height=&#8221;4em&#8221; alter_height=&#8221;none&#8221; hide_on_mobile=&#8221;&#8221; hide_on_desktop=&#8221;&#8221; hide_on_notebook=&#8221;&#8221; hide_on_tablet=&#8221;&#8221;][vc_column_text] 1. Respetamos su privacidad Veronica Figarella respeta su derecho a la privacidad y se compromete a proteger la privacidad de nuestros clientes y visitantes del sitio web. Nos adherimos a los principios Australianos de privacidad contenidos en la Ley de privacidad de [&hellip;]\" \/>\n<meta property=\"og:url\" content=\"https:\/\/verofigarella.com\/es\/politicas-de-privacidad\/\" \/>\n<meta property=\"og:site_name\" content=\"Vero Figarella\" \/>\n<meta property=\"article:modified_time\" content=\"2021-03-28T01:27:56+00:00\" \/>\n<meta name=\"twitter:card\" content=\"summary_large_image\" \/>\n<meta name=\"twitter:label1\" content=\"Tiempo de lectura\" \/>\n\t<meta name=\"twitter:data1\" content=\"7 minutos\" \/>\n<script type=\"application\/ld+json\" class=\"yoast-schema-graph\">{\"@context\":\"https:\/\/schema.org\",\"@graph\":[{\"@type\":\"WebPage\",\"@id\":\"https:\/\/verofigarella.com\/es\/politicas-de-privacidad\/\",\"url\":\"https:\/\/verofigarella.com\/es\/politicas-de-privacidad\/\",\"name\":\"Pol\u00edticas de Privacidad - Vero Figarella\",\"isPartOf\":{\"@id\":\"https:\/\/verofigarella.com\/en\/#website\"},\"datePublished\":\"2021-03-25T02:58:19+00:00\",\"dateModified\":\"2021-03-28T01:27:56+00:00\",\"breadcrumb\":{\"@id\":\"https:\/\/verofigarella.com\/es\/politicas-de-privacidad\/#breadcrumb\"},\"inLanguage\":\"es\",\"potentialAction\":[{\"@type\":\"ReadAction\",\"target\":[\"https:\/\/verofigarella.com\/es\/politicas-de-privacidad\/\"]}]},{\"@type\":\"BreadcrumbList\",\"@id\":\"https:\/\/verofigarella.com\/es\/politicas-de-privacidad\/#breadcrumb\",\"itemListElement\":[{\"@type\":\"ListItem\",\"position\":1,\"name\":\"Home\",\"item\":\"https:\/\/verofigarella.com\/es\/\"},{\"@type\":\"ListItem\",\"position\":2,\"name\":\"Pol\u00edticas de Privacidad\"}]},{\"@type\":\"WebSite\",\"@id\":\"https:\/\/verofigarella.com\/en\/#website\",\"url\":\"https:\/\/verofigarella.com\/en\/\",\"name\":\"Vero Figarella\",\"description\":\"\",\"publisher\":{\"@id\":\"https:\/\/verofigarella.com\/en\/#\/schema\/person\/e92625ac0b706607537c23f0d3ca1d48\"},\"potentialAction\":[{\"@type\":\"SearchAction\",\"target\":{\"@type\":\"EntryPoint\",\"urlTemplate\":\"https:\/\/verofigarella.com\/en\/?s={search_term_string}\"},\"query-input\":{\"@type\":\"PropertyValueSpecification\",\"valueRequired\":true,\"valueName\":\"search_term_string\"}}],\"inLanguage\":\"es\"},{\"@type\":[\"Person\",\"Organization\"],\"@id\":\"https:\/\/verofigarella.com\/en\/#\/schema\/person\/e92625ac0b706607537c23f0d3ca1d48\",\"name\":\"Veronica Figarella\",\"image\":{\"@type\":\"ImageObject\",\"inLanguage\":\"es\",\"@id\":\"https:\/\/verofigarella.com\/en\/#\/schema\/person\/image\/\",\"url\":\"https:\/\/verofigarella.com\/wp-content\/uploads\/2021\/11\/LOGO-VERO_pago.png\",\"contentUrl\":\"https:\/\/verofigarella.com\/wp-content\/uploads\/2021\/11\/LOGO-VERO_pago.png\",\"width\":100,\"height\":72,\"caption\":\"Veronica Figarella\"},\"logo\":{\"@id\":\"https:\/\/verofigarella.com\/en\/#\/schema\/person\/image\/\"}}]}<\/script>\n<!-- \/ Yoast SEO plugin. -->","yoast_head_json":{"title":"Pol\u00edticas de Privacidad - Vero Figarella","robots":{"index":"index","follow":"follow","max-snippet":"max-snippet:-1","max-image-preview":"max-image-preview:large","max-video-preview":"max-video-preview:-1"},"canonical":"https:\/\/verofigarella.com\/es\/politicas-de-privacidad\/","og_locale":"es_ES","og_type":"article","og_title":"Pol\u00edticas de Privacidad - Vero Figarella","og_description":"[vc_row hide_bg_image_on_tablet=&#8221;&#8221; hide_bg_image_on_mobile=&#8221;&#8221; css=&#8221;.vc_custom_1527690588959{background-color: #f7f8f9 !important;}&#8221;][vc_column icons_position=&#8221;left&#8221;][vc_empty_space height=&#8221;4em&#8221; alter_height=&#8221;none&#8221; hide_on_mobile=&#8221;&#8221; hide_on_desktop=&#8221;&#8221; hide_on_notebook=&#8221;&#8221; hide_on_tablet=&#8221;&#8221;][vc_column_text] 1. Respetamos su privacidad Veronica Figarella respeta su derecho a la privacidad y se compromete a proteger la privacidad de nuestros clientes y visitantes del sitio web. Nos adherimos a los principios Australianos de privacidad contenidos en la Ley de privacidad de [&hellip;]","og_url":"https:\/\/verofigarella.com\/es\/politicas-de-privacidad\/","og_site_name":"Vero Figarella","article_modified_time":"2021-03-28T01:27:56+00:00","twitter_card":"summary_large_image","twitter_misc":{"Tiempo de lectura":"7 minutos"},"schema":{"@context":"https:\/\/schema.org","@graph":[{"@type":"WebPage","@id":"https:\/\/verofigarella.com\/es\/politicas-de-privacidad\/","url":"https:\/\/verofigarella.com\/es\/politicas-de-privacidad\/","name":"Pol\u00edticas de Privacidad - Vero Figarella","isPartOf":{"@id":"https:\/\/verofigarella.com\/en\/#website"},"datePublished":"2021-03-25T02:58:19+00:00","dateModified":"2021-03-28T01:27:56+00:00","breadcrumb":{"@id":"https:\/\/verofigarella.com\/es\/politicas-de-privacidad\/#breadcrumb"},"inLanguage":"es","potentialAction":[{"@type":"ReadAction","target":["https:\/\/verofigarella.com\/es\/politicas-de-privacidad\/"]}]},{"@type":"BreadcrumbList","@id":"https:\/\/verofigarella.com\/es\/politicas-de-privacidad\/#breadcrumb","itemListElement":[{"@type":"ListItem","position":1,"name":"Home","item":"https:\/\/verofigarella.com\/es\/"},{"@type":"ListItem","position":2,"name":"Pol\u00edticas de Privacidad"}]},{"@type":"WebSite","@id":"https:\/\/verofigarella.com\/en\/#website","url":"https:\/\/verofigarella.com\/en\/","name":"Vero Figarella","description":"","publisher":{"@id":"https:\/\/verofigarella.com\/en\/#\/schema\/person\/e92625ac0b706607537c23f0d3ca1d48"},"potentialAction":[{"@type":"SearchAction","target":{"@type":"EntryPoint","urlTemplate":"https:\/\/verofigarella.com\/en\/?s={search_term_string}"},"query-input":{"@type":"PropertyValueSpecification","valueRequired":true,"valueName":"search_term_string"}}],"inLanguage":"es"},{"@type":["Person","Organization"],"@id":"https:\/\/verofigarella.com\/en\/#\/schema\/person\/e92625ac0b706607537c23f0d3ca1d48","name":"Veronica Figarella","image":{"@type":"ImageObject","inLanguage":"es","@id":"https:\/\/verofigarella.com\/en\/#\/schema\/person\/image\/","url":"https:\/\/verofigarella.com\/wp-content\/uploads\/2021\/11\/LOGO-VERO_pago.png","contentUrl":"https:\/\/verofigarella.com\/wp-content\/uploads\/2021\/11\/LOGO-VERO_pago.png","width":100,"height":72,"caption":"Veronica Figarella"},"logo":{"@id":"https:\/\/verofigarella.com\/en\/#\/schema\/person\/image\/"}}]}},"_links":{"self":[{"href":"https:\/\/verofigarella.com\/es\/wp-json\/wp\/v2\/pages\/1748","targetHints":{"allow":["GET"]}}],"collection":[{"href":"https:\/\/verofigarella.com\/es\/wp-json\/wp\/v2\/pages"}],"about":[{"href":"https:\/\/verofigarella.com\/es\/wp-json\/wp\/v2\/types\/page"}],"author":[{"embeddable":true,"href":"https:\/\/verofigarella.com\/es\/wp-json\/wp\/v2\/users\/1"}],"replies":[{"embeddable":true,"href":"https:\/\/verofigarella.com\/es\/wp-json\/wp\/v2\/comments?post=1748"}],"version-history":[{"count":8,"href":"https:\/\/verofigarella.com\/es\/wp-json\/wp\/v2\/pages\/1748\/revisions"}],"predecessor-version":[{"id":1849,"href":"https:\/\/verofigarella.com\/es\/wp-json\/wp\/v2\/pages\/1748\/revisions\/1849"}],"wp:attachment":[{"href":"https:\/\/verofigarella.com\/es\/wp-json\/wp\/v2\/media?parent=1748"}],"curies":[{"name":"wp","href":"https:\/\/api.w.org\/{rel}","templated":true}]}}