{"id":1757,"date":"2021-03-25T04:03:07","date_gmt":"2021-03-25T04:03:07","guid":{"rendered":"https:\/\/verofigarella.com\/?page_id=1757"},"modified":"2021-04-19T00:15:50","modified_gmt":"2021-04-19T00:15:50","slug":"terminos-y-condiciones","status":"publish","type":"page","link":"https:\/\/verofigarella.com\/es\/terminos-y-condiciones\/","title":{"rendered":"Terminos y Condiciones"},"content":{"rendered":"<p>[vc_row hide_bg_image_on_tablet=&#8221;&#8221; hide_bg_image_on_mobile=&#8221;&#8221; css=&#8221;.vc_custom_1527690588959{background-color: #f7f8f9 !important;}&#8221;][vc_column icons_position=&#8221;left&#8221;][vc_empty_space height=&#8221;4em&#8221; alter_height=&#8221;none&#8221; hide_on_mobile=&#8221;&#8221; hide_on_desktop=&#8221;&#8221; hide_on_notebook=&#8221;&#8221; hide_on_tablet=&#8221;&#8221;][vc_column_text]T\u00f3mese el tiempo para leer estos t\u00e9rminos y condiciones. Servicios y la informaci\u00f3n que se ofrecen en Nuestro sitio web, usted acepta estos t\u00e9rminos y condiciones.<\/p>\n<p>Si compra productos a trav\u00e9s de nuestro sitio web, habr\u00e1 t\u00e9rminos y condiciones adicionales relacionados con la compra. Aseg\u00farese de estar de acuerdo con estos t\u00e9rminos y condiciones, que se le indicar\u00e1 que lea antes de realizar su compra.<\/p>\n<h5>Definiciones<\/h5>\n<p><strong>Servicios significa <\/strong>contenido relacionado con la actividad de los libros y la autopromoci\u00f3n de Veronica Figarella.<br \/>\n<strong>el sitio <\/strong>web significa el sitio web <a href=\"https:\/\/verofigarella.vpsemotiv.com\">www.verofigarella.com<\/a><br \/>\n<strong>Nosotros \/ Nos<\/strong>, etc. significa Veronica Figarella y cualquier subsidiaria, afiliada, empleado, oficial, agente o cesionario.<\/p>\n<h5>Precisi\u00f3n del contenido<\/h5>\n<p>Hemos tomado las precauciones y el cuidado adecuados para garantizar que la informaci\u00f3n que proporcionamos en este sitio web sea precisa. Sin embargo, no podemos garantizar ni aceptar ninguna responsabilidad legal que surja de o est\u00e9 relacionada con la precisi\u00f3n, confiabilidad, vigencia o integridad de cualquier contenido de este sitio web o de cualquier sitio vinculado.<br \/>\nLa informaci\u00f3n contenida en este sitio web no debe reemplazar el asesoramiento profesional.<\/p>\n<h5>Uso<\/h5>\n<p>El sitio web est\u00e1 disponible para su uso con la aceptaci\u00f3n y el cumplimiento de estos t\u00e9rminos y condiciones. Al utilizar este sitio web, acepta estos t\u00e9rminos y condiciones.<br \/>\nUsted acepta que utilizar\u00e1 este sitio web de acuerdo con todas las leyes, normas y reglamentaciones locales, estatales, nacionales e internacionales aplicables.<br \/>\nUsted acepta que no usar\u00e1, ni permitir\u00e1 o autorizar\u00e1 a ning\u00fan tercero a usar, el sitio web para ning\u00fan prop\u00f3sito que sea ilegal, difamatorio, acosador, abusivo, fraudulento u obsceno o de cualquier otra manera inapropiada o de una manera que entra en conflicto con el sitio web o los servicios.<br \/>\nSi contribuye a nuestro foro (si lo hay) o hace comentarios p\u00fablicos en este sitio web que, en nuestra opini\u00f3n, sean ilegales, difamatorios, acosadores, abusivos, fraudulentos u obscenos o de cualquier otra manera inapropiados o que entren en conflicto con el sitio web o el Servicios ofrecidos, luego, a nuestra discreci\u00f3n, podemos negarnos a publicar dichos comentarios y \/ o eliminarlos del sitio web.<br \/>\nNos reservamos el derecho de rechazar o cancelar el servicio a cualquier persona en cualquier momento sin previo aviso o raz\u00f3n.<\/p>\n<h5>Contrase\u00f1as e inicios de sesi\u00f3n<\/h5>\n<p>Usted es responsable de mantener la confidencialidad de sus contrase\u00f1as y datos de inicio de sesi\u00f3n y de todas las actividades realizadas con su contrase\u00f1a e inicio de sesi\u00f3n.<\/p>\n<h5>Indemnizaci\u00f3n por p\u00e9rdida o da\u00f1o<\/h5>\n<p>Usted acepta indemnizarnos y eximirnos de toda responsabilidad o gasto que surja de o de alguna manera relacionado con su uso de este sitio web o los Servicios o la informaci\u00f3n ofrecidos en este sitio web, incluida cualquier responsabilidad o gasto que surja de todas las reclamaciones. , p\u00e9rdidas, da\u00f1os (reales y consecuentes), juicios, juicios, costos de litigio y honorarios de abogados de todo tipo y naturaleza en los que incurra usted o cualquier tercero a trav\u00e9s de usted.<\/p>\n<h5>Propiedad intelectual y derechos de autor<\/h5>\n<p>Tenemos los derechos de autor del contenido de este sitio web, incluidos todos los archivos cargados, dise\u00f1o de dise\u00f1o, datos, gr\u00e1ficos, art\u00edculos, contenido de archivos, c\u00f3digos, noticias, tutoriales, videos, rese\u00f1as, publicaciones en foros y bases de datos contenidas en el sitio web o en conexi\u00f3n con los servicios. No debe utilizar ni reproducir nuestro material protegido por derechos de autor de otra forma que no sea la permitida por la ley. Espec\u00edficamente, no debe usar o replicar nuestro material protegido por derechos de autor con fines comerciales a menos que lo acuerden expresamente, en cuyo caso es posible que le solicitamos que firme un Acuerdo de licencia.<br \/>\nSi desea utilizar contenido, im\u00e1genes u otros de nuestra propiedad intelectual, debe enviarnos su solicitud a la siguiente direcci\u00f3n de correo electr\u00f3nico:<br \/>\n<a href=\"mailto:hola@verofigarella.com\">hola@verofigarella.com<\/a><\/p>\n<h5>Trademarks<\/h5>\n<p>Las marcas registradas y los logotipos contenidos en este sitio web son marcas registradas de Veronica Elisa Figarella Trujillo. El uso de estas marcas comerciales est\u00e1 estrictamente prohibido excepto con nuestro consentimiento expreso y por escrito.<\/p>\n<h5>Enlaces a sitios web externos<\/h5>\n<p>Este sitio web puede contener enlaces que lo dirigen fuera de este sitio web. Estos enlaces se proporcionan para su conveniencia y no son una indicaci\u00f3n expresa o impl\u00edcita de que respaldamos o aprobamos el sitio web vinculado, su contenido o cualquier sitio web, producto o servicio asociado. No aceptamos ninguna responsabilidad por p\u00e9rdidas o da\u00f1os que surjan de o en conexi\u00f3n con su uso de estos sitios.<br \/>\nPuede vincularse a nuestros art\u00edculos o p\u00e1gina de inicio. Sin embargo, no debe proporcionar un enlace que sugiera asociaci\u00f3n, aprobaci\u00f3n o respaldo de nuestra parte con respecto a su sitio web, a menos que lo hayamos acordado expresamente por escrito. Podemos retirar nuestro consentimiento para que se vincule a nuestro sitio en cualquier momento mediante notificaci\u00f3n.<\/p>\n<h5>Limitaci\u00f3n de responsabilidad<\/h5>\n<p>No asumimos ninguna responsabilidad por la precisi\u00f3n de cualquier contenido o declaraciones contenidas en este sitio web o en relaci\u00f3n con nuestros Servicios. Las declaraciones hechas son solo a modo de comentario general y debe asegurarse de su exactitud. Adem\u00e1s, todos nuestros Servicios se proporcionan sin garant\u00eda, con la excepci\u00f3n de las garant\u00edas previstas por la ley. No somos responsables de ning\u00fan da\u00f1o, incurrido como resultado o relacionado con el uso del sitio web o nuestros servicios.<\/p>\n<h5>Recolecci\u00f3n de informaci\u00f3n<\/h5>\n<p>El uso de la informaci\u00f3n que nos ha proporcionado, o que hemos recopilado y retenido en relaci\u00f3n con su uso del sitio web y \/ o nuestros Servicios, se rige por nuestra Pol\u00edtica de privacidad. Al utilizar este sitio web y los servicios asociados con este sitio web, usted acepta la Pol\u00edtica de privacidad. Para ver nuestra Pol\u00edtica de privacidad y leer m\u00e1s sobre por qu\u00e9 recopilamos su informaci\u00f3n personal y c\u00f3mo usamos esa informaci\u00f3n, haga clic aqu\u00ed.<\/p>\n<h5>Confidencialidad<\/h5>\n<p>Toda la informaci\u00f3n personal que nos proporcione ser\u00e1 tratada de manera confidencial de acuerdo con nuestra Pol\u00edtica de privacidad. Sin embargo, debido a circunstancias fuera de nuestro control, no podemos garantizar que todos los aspectos de su uso de este sitio web ser\u00e1n confidenciales debido a la capacidad potencial de terceros para interceptar y acceder a dicha informaci\u00f3n.<\/p>\n<h5>Ley que rige<\/h5>\n<p>Estos t\u00e9rminos y condiciones se rigen e interpretan de acuerdo con las leyes de Nueva Gales del Sur, Australia. Cualquier disputa relacionada con este sitio web debe ser resuelta por los tribunales que tengan jurisdicci\u00f3n en Nueva Gales del Sur.<br \/>\nNos reservamos el derecho de entablar acciones legales contra usted por incumplimiento de estos T\u00e9rminos y condiciones, en su pa\u00eds de residencia o en cualquier otro pa\u00eds o jurisdicci\u00f3n correspondiente.[\/vc_column_text][vc_empty_space height=&#8221;4em&#8221; alter_height=&#8221;none&#8221; hide_on_mobile=&#8221;&#8221; hide_on_desktop=&#8221;&#8221; hide_on_notebook=&#8221;&#8221; hide_on_tablet=&#8221;&#8221;][\/vc_column][\/vc_row][vc_row][vc_column icons_position=&#8221;left&#8221;][vc_empty_space height=&#8221;8em&#8221; alter_height=&#8221;none&#8221; hide_on_mobile=&#8221;&#8221; hide_on_desktop=&#8221;&#8221; hide_on_notebook=&#8221;&#8221; hide_on_tablet=&#8221;&#8221;][\/vc_column][\/vc_row]<\/p>\n","protected":false},"excerpt":{"rendered":"<p>[vc_row hide_bg_image_on_tablet=&#8221;&#8221; hide_bg_image_on_mobile=&#8221;&#8221; css=&#8221;.vc_custom_1527690588959{background-color: #f7f8f9 !important;}&#8221;][vc_column icons_position=&#8221;left&#8221;][vc_empty_space height=&#8221;4em&#8221; alter_height=&#8221;none&#8221; hide_on_mobile=&#8221;&#8221; hide_on_desktop=&#8221;&#8221; hide_on_notebook=&#8221;&#8221; hide_on_tablet=&#8221;&#8221;][vc_column_text]T\u00f3mese el tiempo para leer estos t\u00e9rminos y condiciones. Servicios y la informaci\u00f3n que se ofrecen en Nuestro sitio web, usted acepta estos t\u00e9rminos y condiciones. Si compra productos a trav\u00e9s de nuestro sitio web, habr\u00e1 t\u00e9rminos y condiciones adicionales relacionados con la [&hellip;]<\/p>\n","protected":false},"author":1,"featured_media":0,"parent":0,"menu_order":0,"comment_status":"closed","ping_status":"closed","template":"","meta":{"footnotes":""},"class_list":["post-1757","page","type-page","status-publish","hentry"],"yoast_head":"<!-- This site is optimized with the Yoast SEO plugin v25.2 - https:\/\/yoast.com\/wordpress\/plugins\/seo\/ -->\n<title>Terminos y Condiciones - Vero Figarella<\/title>\n<meta name=\"robots\" content=\"index, follow, max-snippet:-1, max-image-preview:large, max-video-preview:-1\" \/>\n<link rel=\"canonical\" href=\"https:\/\/verofigarella.com\/es\/terminos-y-condiciones\/\" \/>\n<meta property=\"og:locale\" content=\"es_ES\" \/>\n<meta property=\"og:type\" content=\"article\" \/>\n<meta property=\"og:title\" content=\"Terminos y Condiciones - Vero Figarella\" \/>\n<meta property=\"og:description\" content=\"[vc_row hide_bg_image_on_tablet=&#8221;&#8221; hide_bg_image_on_mobile=&#8221;&#8221; css=&#8221;.vc_custom_1527690588959{background-color: #f7f8f9 !important;}&#8221;][vc_column icons_position=&#8221;left&#8221;][vc_empty_space height=&#8221;4em&#8221; alter_height=&#8221;none&#8221; hide_on_mobile=&#8221;&#8221; hide_on_desktop=&#8221;&#8221; hide_on_notebook=&#8221;&#8221; hide_on_tablet=&#8221;&#8221;][vc_column_text]T\u00f3mese el tiempo para leer estos t\u00e9rminos y condiciones. Servicios y la informaci\u00f3n que se ofrecen en Nuestro sitio web, usted acepta estos t\u00e9rminos y condiciones. Si compra productos a trav\u00e9s de nuestro sitio web, habr\u00e1 t\u00e9rminos y condiciones adicionales relacionados con la [&hellip;]\" \/>\n<meta property=\"og:url\" content=\"https:\/\/verofigarella.com\/es\/terminos-y-condiciones\/\" \/>\n<meta property=\"og:site_name\" content=\"Vero Figarella\" \/>\n<meta property=\"article:modified_time\" content=\"2021-04-19T00:15:50+00:00\" \/>\n<meta name=\"twitter:card\" content=\"summary_large_image\" \/>\n<meta name=\"twitter:label1\" content=\"Tiempo de lectura\" \/>\n\t<meta name=\"twitter:data1\" content=\"6 minutos\" \/>\n<script type=\"application\/ld+json\" class=\"yoast-schema-graph\">{\"@context\":\"https:\/\/schema.org\",\"@graph\":[{\"@type\":\"WebPage\",\"@id\":\"https:\/\/verofigarella.com\/es\/terminos-y-condiciones\/\",\"url\":\"https:\/\/verofigarella.com\/es\/terminos-y-condiciones\/\",\"name\":\"Terminos y Condiciones - Vero Figarella\",\"isPartOf\":{\"@id\":\"https:\/\/verofigarella.com\/en\/#website\"},\"datePublished\":\"2021-03-25T04:03:07+00:00\",\"dateModified\":\"2021-04-19T00:15:50+00:00\",\"breadcrumb\":{\"@id\":\"https:\/\/verofigarella.com\/es\/terminos-y-condiciones\/#breadcrumb\"},\"inLanguage\":\"es\",\"potentialAction\":[{\"@type\":\"ReadAction\",\"target\":[\"https:\/\/verofigarella.com\/es\/terminos-y-condiciones\/\"]}]},{\"@type\":\"BreadcrumbList\",\"@id\":\"https:\/\/verofigarella.com\/es\/terminos-y-condiciones\/#breadcrumb\",\"itemListElement\":[{\"@type\":\"ListItem\",\"position\":1,\"name\":\"Home\",\"item\":\"https:\/\/verofigarella.com\/es\/\"},{\"@type\":\"ListItem\",\"position\":2,\"name\":\"Terminos y Condiciones\"}]},{\"@type\":\"WebSite\",\"@id\":\"https:\/\/verofigarella.com\/en\/#website\",\"url\":\"https:\/\/verofigarella.com\/en\/\",\"name\":\"Vero Figarella\",\"description\":\"\",\"publisher\":{\"@id\":\"https:\/\/verofigarella.com\/en\/#\/schema\/person\/e92625ac0b706607537c23f0d3ca1d48\"},\"potentialAction\":[{\"@type\":\"SearchAction\",\"target\":{\"@type\":\"EntryPoint\",\"urlTemplate\":\"https:\/\/verofigarella.com\/en\/?s={search_term_string}\"},\"query-input\":{\"@type\":\"PropertyValueSpecification\",\"valueRequired\":true,\"valueName\":\"search_term_string\"}}],\"inLanguage\":\"es\"},{\"@type\":[\"Person\",\"Organization\"],\"@id\":\"https:\/\/verofigarella.com\/en\/#\/schema\/person\/e92625ac0b706607537c23f0d3ca1d48\",\"name\":\"Veronica Figarella\",\"image\":{\"@type\":\"ImageObject\",\"inLanguage\":\"es\",\"@id\":\"https:\/\/verofigarella.com\/en\/#\/schema\/person\/image\/\",\"url\":\"https:\/\/verofigarella.com\/wp-content\/uploads\/2021\/11\/LOGO-VERO_pago.png\",\"contentUrl\":\"https:\/\/verofigarella.com\/wp-content\/uploads\/2021\/11\/LOGO-VERO_pago.png\",\"width\":100,\"height\":72,\"caption\":\"Veronica Figarella\"},\"logo\":{\"@id\":\"https:\/\/verofigarella.com\/en\/#\/schema\/person\/image\/\"}}]}<\/script>\n<!-- \/ Yoast SEO plugin. -->","yoast_head_json":{"title":"Terminos y Condiciones - Vero Figarella","robots":{"index":"index","follow":"follow","max-snippet":"max-snippet:-1","max-image-preview":"max-image-preview:large","max-video-preview":"max-video-preview:-1"},"canonical":"https:\/\/verofigarella.com\/es\/terminos-y-condiciones\/","og_locale":"es_ES","og_type":"article","og_title":"Terminos y Condiciones - Vero Figarella","og_description":"[vc_row hide_bg_image_on_tablet=&#8221;&#8221; hide_bg_image_on_mobile=&#8221;&#8221; css=&#8221;.vc_custom_1527690588959{background-color: #f7f8f9 !important;}&#8221;][vc_column icons_position=&#8221;left&#8221;][vc_empty_space height=&#8221;4em&#8221; alter_height=&#8221;none&#8221; hide_on_mobile=&#8221;&#8221; hide_on_desktop=&#8221;&#8221; hide_on_notebook=&#8221;&#8221; hide_on_tablet=&#8221;&#8221;][vc_column_text]T\u00f3mese el tiempo para leer estos t\u00e9rminos y condiciones. Servicios y la informaci\u00f3n que se ofrecen en Nuestro sitio web, usted acepta estos t\u00e9rminos y condiciones. Si compra productos a trav\u00e9s de nuestro sitio web, habr\u00e1 t\u00e9rminos y condiciones adicionales relacionados con la [&hellip;]","og_url":"https:\/\/verofigarella.com\/es\/terminos-y-condiciones\/","og_site_name":"Vero Figarella","article_modified_time":"2021-04-19T00:15:50+00:00","twitter_card":"summary_large_image","twitter_misc":{"Tiempo de lectura":"6 minutos"},"schema":{"@context":"https:\/\/schema.org","@graph":[{"@type":"WebPage","@id":"https:\/\/verofigarella.com\/es\/terminos-y-condiciones\/","url":"https:\/\/verofigarella.com\/es\/terminos-y-condiciones\/","name":"Terminos y Condiciones - Vero Figarella","isPartOf":{"@id":"https:\/\/verofigarella.com\/en\/#website"},"datePublished":"2021-03-25T04:03:07+00:00","dateModified":"2021-04-19T00:15:50+00:00","breadcrumb":{"@id":"https:\/\/verofigarella.com\/es\/terminos-y-condiciones\/#breadcrumb"},"inLanguage":"es","potentialAction":[{"@type":"ReadAction","target":["https:\/\/verofigarella.com\/es\/terminos-y-condiciones\/"]}]},{"@type":"BreadcrumbList","@id":"https:\/\/verofigarella.com\/es\/terminos-y-condiciones\/#breadcrumb","itemListElement":[{"@type":"ListItem","position":1,"name":"Home","item":"https:\/\/verofigarella.com\/es\/"},{"@type":"ListItem","position":2,"name":"Terminos y Condiciones"}]},{"@type":"WebSite","@id":"https:\/\/verofigarella.com\/en\/#website","url":"https:\/\/verofigarella.com\/en\/","name":"Vero Figarella","description":"","publisher":{"@id":"https:\/\/verofigarella.com\/en\/#\/schema\/person\/e92625ac0b706607537c23f0d3ca1d48"},"potentialAction":[{"@type":"SearchAction","target":{"@type":"EntryPoint","urlTemplate":"https:\/\/verofigarella.com\/en\/?s={search_term_string}"},"query-input":{"@type":"PropertyValueSpecification","valueRequired":true,"valueName":"search_term_string"}}],"inLanguage":"es"},{"@type":["Person","Organization"],"@id":"https:\/\/verofigarella.com\/en\/#\/schema\/person\/e92625ac0b706607537c23f0d3ca1d48","name":"Veronica Figarella","image":{"@type":"ImageObject","inLanguage":"es","@id":"https:\/\/verofigarella.com\/en\/#\/schema\/person\/image\/","url":"https:\/\/verofigarella.com\/wp-content\/uploads\/2021\/11\/LOGO-VERO_pago.png","contentUrl":"https:\/\/verofigarella.com\/wp-content\/uploads\/2021\/11\/LOGO-VERO_pago.png","width":100,"height":72,"caption":"Veronica Figarella"},"logo":{"@id":"https:\/\/verofigarella.com\/en\/#\/schema\/person\/image\/"}}]}},"_links":{"self":[{"href":"https:\/\/verofigarella.com\/es\/wp-json\/wp\/v2\/pages\/1757","targetHints":{"allow":["GET"]}}],"collection":[{"href":"https:\/\/verofigarella.com\/es\/wp-json\/wp\/v2\/pages"}],"about":[{"href":"https:\/\/verofigarella.com\/es\/wp-json\/wp\/v2\/types\/page"}],"author":[{"embeddable":true,"href":"https:\/\/verofigarella.com\/es\/wp-json\/wp\/v2\/users\/1"}],"replies":[{"embeddable":true,"href":"https:\/\/verofigarella.com\/es\/wp-json\/wp\/v2\/comments?post=1757"}],"version-history":[{"count":8,"href":"https:\/\/verofigarella.com\/es\/wp-json\/wp\/v2\/pages\/1757\/revisions"}],"predecessor-version":[{"id":2158,"href":"https:\/\/verofigarella.com\/es\/wp-json\/wp\/v2\/pages\/1757\/revisions\/2158"}],"wp:attachment":[{"href":"https:\/\/verofigarella.com\/es\/wp-json\/wp\/v2\/media?parent=1757"}],"curies":[{"name":"wp","href":"https:\/\/api.w.org\/{rel}","templated":true}]}}