{"id":2247,"date":"2021-12-09T02:49:02","date_gmt":"2021-12-09T02:49:02","guid":{"rendered":"https:\/\/verofigarella.vpsemotiv.com\/?page_id=2247"},"modified":"2023-01-23T14:58:16","modified_gmt":"2023-01-23T14:58:16","slug":"compras","status":"publish","type":"page","link":"https:\/\/verofigarella.com\/es\/compras\/","title":{"rendered":"compras"},"content":{"rendered":"<p>[vc_row full_width=&#8221;stretch_row_content_no_spaces&#8221;][vc_column width=&#8221;1\/4&#8243;][\/vc_column][vc_column width=&#8221;1\/2&#8243; css=&#8221;.vc_custom_1632958801782{padding-right: 50px !important;padding-left: 50px !important;}&#8221;][vc_empty_space][vc_column_text]Si su destino de entrega es cualquiera de los siguientes pa\u00edses: <strong>Australia, Canada, Estados Unidos de Am\u00e9rica, M\u00e9xico, Reino Unido y Uni\u00f3n Europea*<\/strong>; Podr\u00edas comprar el libro a trav\u00e9s de mi web y ayudarme a ganar una mejor comisi\u00f3n que si lo compraras en Amazon. De esta forma me estar\u00edas ayudando a financiar el resto de los libros educativos que estoy produciendo. Si est\u00e1s en Per\u00fa, puedes comprar mis libros en <a href=\"https:\/\/www.instagram.com\/cajon_de_suenos\/?hl=en\" target=\"_blank\" rel=\"noopener\">Cajon de Sue\u00f1o<\/a>s. En Venezuela en la Librer\u00eda <a href=\"https:\/\/www.instagram.com\/lasopadeletras\/channel\/\" target=\"_blank\" rel=\"noopener\">Sopa de Letras<\/a> o <a href=\"https:\/\/www.instagram.com\/elbuscon1\/\" target=\"_blank\" rel=\"noopener\">Librer\u00eda el Busc\u00f3n<\/a> y en\u00a0 Panam\u00e1 en <a href=\"https:\/\/www.instagram.com\/hombredelamanchakids\/?hl=en\" target=\"_blank\" rel=\"noopener\">El Hombre de la Mancha Kids<\/a>.<\/p>\n<p>El costo de env\u00edo y el tiempo de entrega, var\u00eda seg\u00fan el pa\u00eds de entrega.[\/vc_column_text][vc_empty_space]<a href=\"\/es\/categoria-producto\/libros\/\" class=\"sc_button sc_button_square sc_button_style_border sc_button_size_small aligncenter\" style=\"width:275px;color:#ffffff;background-color:#9e3c85; border-color:#9e3c85;\">AU\/CAN\/USA\/MEX\/UK\/UE<\/a><a href=\"https:\/\/smile.amazon.com\/-\/es\/Veronica-Figarella-ebook\/dp\/B097Y176LN\/ref=sr_1_1?__mk_es_US=%C3%85M%C3%85%C5%BD%C3%95%C3%91&dchild=1&keywords=laurita+loriquita&qid=1628559244&sr=8-1\" target=\"blank\" class=\"sc_button sc_button_square sc_button_style_border sc_button_size_small aligncenter\" style=\"width:275px;color:#ffffff;background-color:#0c317f; border-color:#0c317f;\">Otras partes (Amazon)<\/a>[vc_empty_space][vc_single_image image=&#8221;2258&#8243; img_size=&#8221;full&#8221; alignment=&#8221;center&#8221;][vc_empty_space][vc_column_text]*Alemania, Espa\u00f1a, Francia e Italia[\/vc_column_text][vc_empty_space][\/vc_column][vc_column width=&#8221;1\/4&#8243;][\/vc_column][\/vc_row][vc_row full_width=&#8221;stretch_row_content_no_spaces&#8221; css=&#8221;.vc_custom_1613353625436{background-color: #ff505f !important;}&#8221;][vc_column]<div class=\"sc_content content_wrap margin_bottom_large\"><h3 class=\"sc_title sc_title_regular sc_align_center\" style=\"margin-top: 1.67em; margin-bottom: 0.1em;text-align:center;color:#ffffff;font-weight:300;\" data-animation=\"animated fadeIn normal\"><span class=\"content-title\"><strong>Mantente en contacto conmigo<br \/>\n<\/strong><\/span><\/h3>[vc_column_text]<\/p>\n<p style=\"text-align: center; color: #ffffff; font-family: 'Montserrat',sans-serif;\">I send thoughtful and caring emails<\/p>\n<p>[\/vc_column_text][vc_column_text]<\/p>\n<div style=\"max-width: 570px; margin: 2.5em auto 0;\">\n<div class=\"wpcf7 no-js\" id=\"wpcf7-f1711-o1\" lang=\"en-US\" dir=\"ltr\" data-wpcf7-id=\"1711\">\n<div class=\"screen-reader-response\"><p role=\"status\" aria-live=\"polite\" aria-atomic=\"true\"><\/p> <ul><\/ul><\/div>\n<form action=\"\/es\/wp-json\/wp\/v2\/pages\/2247#wpcf7-f1711-o1\" method=\"post\" class=\"wpcf7-form init\" aria-label=\"Contact form\" novalidate=\"novalidate\" data-status=\"init\">\n<div style=\"display: none;\">\n<input type=\"hidden\" name=\"_wpcf7\" value=\"1711\" \/>\n<input type=\"hidden\" name=\"_wpcf7_version\" value=\"6.0.6\" \/>\n<input type=\"hidden\" name=\"_wpcf7_locale\" value=\"en_US\" \/>\n<input type=\"hidden\" name=\"_wpcf7_unit_tag\" value=\"wpcf7-f1711-o1\" \/>\n<input type=\"hidden\" name=\"_wpcf7_container_post\" value=\"0\" \/>\n<input type=\"hidden\" name=\"_wpcf7_posted_data_hash\" value=\"\" \/>\n<input type=\"hidden\" name=\"_wpcf7_recaptcha_response\" value=\"\" \/>\n<\/div>\n<div class=\"sc_emailer_content\">\n\t<p><span class=\"wpcf7-form-control-wrap\" data-name=\"email-en\"><input size=\"40\" maxlength=\"400\" class=\"wpcf7-form-control wpcf7-email wpcf7-validates-as-required wpcf7-text wpcf7-validates-as-email sc_input\" aria-required=\"true\" aria-invalid=\"false\" placeholder=\"Correo electr\u00f3nico\" value=\"\" type=\"email\" name=\"email-en\" \/><\/span>\n\t<\/p>\n\t<p><input class=\"wpcf7-form-control wpcf7-submit has-spinner sc_button sc_button_iconed icon-right\" type=\"submit\" value=\"ENVIAR\" \/>\n\t<\/p>\n<\/div>\n<div class=\"sc_form_field sc_form_field_checkbox\">\n\t<p><span class=\"wpcf7-form-control-wrap\" data-name=\"acceptance-en\"><span class=\"wpcf7-form-control wpcf7-acceptance\"><span class=\"wpcf7-list-item\"><label><input type=\"checkbox\" name=\"acceptance-en\" value=\"1\" aria-invalid=\"false\" \/><span class=\"wpcf7-list-item-label\">Estoy de acuerdo con compartir mi informaci\u00f3n para que sea almacenada y recibir contenido de Vero Figarella. Tus datos no se compartir\u00e1n con terceros para fines comerciales y puedes darte de baja de nuestra lista en cualquier momento.<\/span><\/label><\/span><\/span><\/span>\n\t<\/p>\n<\/div><div class=\"wpcf7-response-output\" aria-hidden=\"true\"><\/div>\n<\/form>\n<\/div>\n<\/div>\n<p>[\/vc_column_text]<\/div>[\/vc_column][\/vc_row]<\/p>\n","protected":false},"excerpt":{"rendered":"<p>[vc_row full_width=&#8221;stretch_row_content_no_spaces&#8221;][vc_column width=&#8221;1\/4&#8243;][\/vc_column][vc_column width=&#8221;1\/2&#8243; css=&#8221;.vc_custom_1632958801782{padding-right: 50px !important;padding-left: 50px !important;}&#8221;][vc_empty_space][vc_column_text]Si su destino de entrega es cualquiera de los siguientes pa\u00edses: Australia, Canada, Estados Unidos de Am\u00e9rica, M\u00e9xico, Reino Unido y Uni\u00f3n Europea*; Podr\u00edas comprar el libro a trav\u00e9s de mi web y ayudarme a ganar una mejor comisi\u00f3n que si lo compraras en Amazon. De esta [&hellip;]<\/p>\n","protected":false},"author":1,"featured_media":0,"parent":0,"menu_order":0,"comment_status":"closed","ping_status":"closed","template":"","meta":{"footnotes":""},"class_list":["post-2247","page","type-page","status-publish","hentry"],"yoast_head":"<!-- This site is optimized with the Yoast SEO plugin v25.2 - https:\/\/yoast.com\/wordpress\/plugins\/seo\/ -->\n<title>compras - Vero Figarella<\/title>\n<meta name=\"robots\" content=\"index, follow, max-snippet:-1, max-image-preview:large, max-video-preview:-1\" \/>\n<link rel=\"canonical\" href=\"https:\/\/verofigarella.com\/es\/compras\/\" \/>\n<meta property=\"og:locale\" content=\"es_ES\" \/>\n<meta property=\"og:type\" content=\"article\" \/>\n<meta property=\"og:title\" content=\"compras - Vero Figarella\" \/>\n<meta property=\"og:description\" content=\"[vc_row full_width=&#8221;stretch_row_content_no_spaces&#8221;][vc_column width=&#8221;1\/4&#8243;][\/vc_column][vc_column width=&#8221;1\/2&#8243; css=&#8221;.vc_custom_1632958801782{padding-right: 50px !important;padding-left: 50px !important;}&#8221;][vc_empty_space][vc_column_text]Si su destino de entrega es cualquiera de los siguientes pa\u00edses: Australia, Canada, Estados Unidos de Am\u00e9rica, M\u00e9xico, Reino Unido y Uni\u00f3n Europea*; Podr\u00edas comprar el libro a trav\u00e9s de mi web y ayudarme a ganar una mejor comisi\u00f3n que si lo compraras en Amazon. De esta [&hellip;]\" \/>\n<meta property=\"og:url\" content=\"https:\/\/verofigarella.com\/es\/compras\/\" \/>\n<meta property=\"og:site_name\" content=\"Vero Figarella\" \/>\n<meta property=\"article:modified_time\" content=\"2023-01-23T14:58:16+00:00\" \/>\n<meta name=\"twitter:card\" content=\"summary_large_image\" \/>\n<meta name=\"twitter:label1\" content=\"Tiempo de lectura\" \/>\n\t<meta name=\"twitter:data1\" content=\"1 minuto\" \/>\n<script type=\"application\/ld+json\" class=\"yoast-schema-graph\">{\"@context\":\"https:\/\/schema.org\",\"@graph\":[{\"@type\":\"WebPage\",\"@id\":\"https:\/\/verofigarella.com\/es\/compras\/\",\"url\":\"https:\/\/verofigarella.com\/es\/compras\/\",\"name\":\"compras - Vero Figarella\",\"isPartOf\":{\"@id\":\"https:\/\/verofigarella.com\/en\/#website\"},\"datePublished\":\"2021-12-09T02:49:02+00:00\",\"dateModified\":\"2023-01-23T14:58:16+00:00\",\"breadcrumb\":{\"@id\":\"https:\/\/verofigarella.com\/es\/compras\/#breadcrumb\"},\"inLanguage\":\"es\",\"potentialAction\":[{\"@type\":\"ReadAction\",\"target\":[\"https:\/\/verofigarella.com\/es\/compras\/\"]}]},{\"@type\":\"BreadcrumbList\",\"@id\":\"https:\/\/verofigarella.com\/es\/compras\/#breadcrumb\",\"itemListElement\":[{\"@type\":\"ListItem\",\"position\":1,\"name\":\"Home\",\"item\":\"https:\/\/verofigarella.com\/es\/\"},{\"@type\":\"ListItem\",\"position\":2,\"name\":\"compras\"}]},{\"@type\":\"WebSite\",\"@id\":\"https:\/\/verofigarella.com\/en\/#website\",\"url\":\"https:\/\/verofigarella.com\/en\/\",\"name\":\"Vero Figarella\",\"description\":\"\",\"publisher\":{\"@id\":\"https:\/\/verofigarella.com\/en\/#\/schema\/person\/e92625ac0b706607537c23f0d3ca1d48\"},\"potentialAction\":[{\"@type\":\"SearchAction\",\"target\":{\"@type\":\"EntryPoint\",\"urlTemplate\":\"https:\/\/verofigarella.com\/en\/?s={search_term_string}\"},\"query-input\":{\"@type\":\"PropertyValueSpecification\",\"valueRequired\":true,\"valueName\":\"search_term_string\"}}],\"inLanguage\":\"es\"},{\"@type\":[\"Person\",\"Organization\"],\"@id\":\"https:\/\/verofigarella.com\/en\/#\/schema\/person\/e92625ac0b706607537c23f0d3ca1d48\",\"name\":\"Veronica Figarella\",\"image\":{\"@type\":\"ImageObject\",\"inLanguage\":\"es\",\"@id\":\"https:\/\/verofigarella.com\/en\/#\/schema\/person\/image\/\",\"url\":\"https:\/\/verofigarella.com\/wp-content\/uploads\/2021\/11\/LOGO-VERO_pago.png\",\"contentUrl\":\"https:\/\/verofigarella.com\/wp-content\/uploads\/2021\/11\/LOGO-VERO_pago.png\",\"width\":100,\"height\":72,\"caption\":\"Veronica Figarella\"},\"logo\":{\"@id\":\"https:\/\/verofigarella.com\/en\/#\/schema\/person\/image\/\"}}]}<\/script>\n<!-- \/ Yoast SEO plugin. -->","yoast_head_json":{"title":"compras - Vero Figarella","robots":{"index":"index","follow":"follow","max-snippet":"max-snippet:-1","max-image-preview":"max-image-preview:large","max-video-preview":"max-video-preview:-1"},"canonical":"https:\/\/verofigarella.com\/es\/compras\/","og_locale":"es_ES","og_type":"article","og_title":"compras - Vero Figarella","og_description":"[vc_row full_width=&#8221;stretch_row_content_no_spaces&#8221;][vc_column width=&#8221;1\/4&#8243;][\/vc_column][vc_column width=&#8221;1\/2&#8243; css=&#8221;.vc_custom_1632958801782{padding-right: 50px !important;padding-left: 50px !important;}&#8221;][vc_empty_space][vc_column_text]Si su destino de entrega es cualquiera de los siguientes pa\u00edses: Australia, Canada, Estados Unidos de Am\u00e9rica, M\u00e9xico, Reino Unido y Uni\u00f3n Europea*; Podr\u00edas comprar el libro a trav\u00e9s de mi web y ayudarme a ganar una mejor comisi\u00f3n que si lo compraras en Amazon. De esta [&hellip;]","og_url":"https:\/\/verofigarella.com\/es\/compras\/","og_site_name":"Vero Figarella","article_modified_time":"2023-01-23T14:58:16+00:00","twitter_card":"summary_large_image","twitter_misc":{"Tiempo de lectura":"1 minuto"},"schema":{"@context":"https:\/\/schema.org","@graph":[{"@type":"WebPage","@id":"https:\/\/verofigarella.com\/es\/compras\/","url":"https:\/\/verofigarella.com\/es\/compras\/","name":"compras - Vero Figarella","isPartOf":{"@id":"https:\/\/verofigarella.com\/en\/#website"},"datePublished":"2021-12-09T02:49:02+00:00","dateModified":"2023-01-23T14:58:16+00:00","breadcrumb":{"@id":"https:\/\/verofigarella.com\/es\/compras\/#breadcrumb"},"inLanguage":"es","potentialAction":[{"@type":"ReadAction","target":["https:\/\/verofigarella.com\/es\/compras\/"]}]},{"@type":"BreadcrumbList","@id":"https:\/\/verofigarella.com\/es\/compras\/#breadcrumb","itemListElement":[{"@type":"ListItem","position":1,"name":"Home","item":"https:\/\/verofigarella.com\/es\/"},{"@type":"ListItem","position":2,"name":"compras"}]},{"@type":"WebSite","@id":"https:\/\/verofigarella.com\/en\/#website","url":"https:\/\/verofigarella.com\/en\/","name":"Vero Figarella","description":"","publisher":{"@id":"https:\/\/verofigarella.com\/en\/#\/schema\/person\/e92625ac0b706607537c23f0d3ca1d48"},"potentialAction":[{"@type":"SearchAction","target":{"@type":"EntryPoint","urlTemplate":"https:\/\/verofigarella.com\/en\/?s={search_term_string}"},"query-input":{"@type":"PropertyValueSpecification","valueRequired":true,"valueName":"search_term_string"}}],"inLanguage":"es"},{"@type":["Person","Organization"],"@id":"https:\/\/verofigarella.com\/en\/#\/schema\/person\/e92625ac0b706607537c23f0d3ca1d48","name":"Veronica Figarella","image":{"@type":"ImageObject","inLanguage":"es","@id":"https:\/\/verofigarella.com\/en\/#\/schema\/person\/image\/","url":"https:\/\/verofigarella.com\/wp-content\/uploads\/2021\/11\/LOGO-VERO_pago.png","contentUrl":"https:\/\/verofigarella.com\/wp-content\/uploads\/2021\/11\/LOGO-VERO_pago.png","width":100,"height":72,"caption":"Veronica Figarella"},"logo":{"@id":"https:\/\/verofigarella.com\/en\/#\/schema\/person\/image\/"}}]}},"_links":{"self":[{"href":"https:\/\/verofigarella.com\/es\/wp-json\/wp\/v2\/pages\/2247","targetHints":{"allow":["GET"]}}],"collection":[{"href":"https:\/\/verofigarella.com\/es\/wp-json\/wp\/v2\/pages"}],"about":[{"href":"https:\/\/verofigarella.com\/es\/wp-json\/wp\/v2\/types\/page"}],"author":[{"embeddable":true,"href":"https:\/\/verofigarella.com\/es\/wp-json\/wp\/v2\/users\/1"}],"replies":[{"embeddable":true,"href":"https:\/\/verofigarella.com\/es\/wp-json\/wp\/v2\/comments?post=2247"}],"version-history":[{"count":13,"href":"https:\/\/verofigarella.com\/es\/wp-json\/wp\/v2\/pages\/2247\/revisions"}],"predecessor-version":[{"id":2646,"href":"https:\/\/verofigarella.com\/es\/wp-json\/wp\/v2\/pages\/2247\/revisions\/2646"}],"wp:attachment":[{"href":"https:\/\/verofigarella.com\/es\/wp-json\/wp\/v2\/media?parent=2247"}],"curies":[{"name":"wp","href":"https:\/\/api.w.org\/{rel}","templated":true}]}}