{"id":2393,"date":"2016-02-11T10:41:26","date_gmt":"2021-12-09T19:29:25","guid":{"rendered":"https:\/\/verofigarella.com\/product\/laurita-loriquita\/"},"modified":"2024-02-24T18:11:00","modified_gmt":"2024-02-24T18:11:00","slug":"laurita-loriquita","status":"publish","type":"product","link":"https:\/\/verofigarella.com\/es\/producto\/laurita-loriquita\/","title":{"rendered":"Laurita Lorioquita y la Canci\u00f3n del Coraz\u00f3n"},"content":{"rendered":"<p>Laurita Lorioquita y la Canci\u00f3n del Coraz\u00f3n, es la historia de una lorita valiente que descubre los efectos que los sentimientos y las emociones tienen en su cuerpo.<br \/>\nEs para ni\u00f1os de 4 a 7 a\u00f1os y es una historia sobre el aprendizaje emocional.<\/p>\n","protected":false},"excerpt":{"rendered":"<p>El precio del libro, el costo de env\u00edo y la moneda se calcular\u00e1n cuando proporcione su direcci\u00f3n de entrega al momento del pago.<\/p>\n","protected":false},"featured_media":1897,"template":"","meta":[],"product_brand":[],"product_cat":[104],"product_tag":[105],"class_list":{"0":"post-2393","1":"product","2":"type-product","3":"status-publish","4":"has-post-thumbnail","6":"product_cat-libros","7":"product_tag-aprendizaje-emocional","9":"first","10":"instock","11":"featured","12":"shipping-taxable","13":"purchasable","14":"product-type-simple"},"yoast_head":"<!-- This site is optimized with the Yoast SEO plugin v25.2 - https:\/\/yoast.com\/wordpress\/plugins\/seo\/ -->\n<title>Laurita Lorioquita y la Canci\u00f3n del Coraz\u00f3n - Vero Figarella<\/title>\n<meta name=\"robots\" content=\"index, follow, max-snippet:-1, max-image-preview:large, max-video-preview:-1\" \/>\n<link rel=\"canonical\" href=\"https:\/\/verofigarella.com\/es\/producto\/laurita-loriquita\/\" \/>\n<meta property=\"og:locale\" content=\"es_ES\" \/>\n<meta property=\"og:type\" content=\"article\" \/>\n<meta property=\"og:title\" content=\"Laurita Lorioquita y la Canci\u00f3n del Coraz\u00f3n - Vero Figarella\" \/>\n<meta property=\"og:description\" content=\"El precio del libro, el costo de env\u00edo y la moneda se calcular\u00e1n cuando proporcione su direcci\u00f3n de entrega al momento del pago.\" \/>\n<meta property=\"og:url\" content=\"https:\/\/verofigarella.com\/es\/producto\/laurita-loriquita\/\" \/>\n<meta property=\"og:site_name\" content=\"Vero Figarella\" \/>\n<meta property=\"article:modified_time\" content=\"2024-02-24T18:11:00+00:00\" \/>\n<meta property=\"og:image\" content=\"https:\/\/verofigarella.com\/wp-content\/uploads\/2021\/03\/Banner_vertical_web_es-234.png\" \/>\n\t<meta property=\"og:image:width\" content=\"234\" \/>\n\t<meta property=\"og:image:height\" content=\"389\" \/>\n\t<meta property=\"og:image:type\" content=\"image\/png\" \/>\n<meta name=\"twitter:card\" content=\"summary_large_image\" \/>\n<meta name=\"twitter:label1\" content=\"Tiempo de lectura\" \/>\n\t<meta name=\"twitter:data1\" content=\"1 minuto\" \/>\n<script type=\"application\/ld+json\" class=\"yoast-schema-graph\">{\"@context\":\"https:\/\/schema.org\",\"@graph\":[{\"@type\":\"WebPage\",\"@id\":\"https:\/\/verofigarella.com\/es\/producto\/laurita-loriquita\/\",\"url\":\"https:\/\/verofigarella.com\/es\/producto\/laurita-loriquita\/\",\"name\":\"Laurita Lorioquita y la Canci\u00f3n del Coraz\u00f3n - Vero Figarella\",\"isPartOf\":{\"@id\":\"https:\/\/verofigarella.com\/en\/#website\"},\"primaryImageOfPage\":{\"@id\":\"https:\/\/verofigarella.com\/es\/producto\/laurita-loriquita\/#primaryimage\"},\"image\":{\"@id\":\"https:\/\/verofigarella.com\/es\/producto\/laurita-loriquita\/#primaryimage\"},\"thumbnailUrl\":\"https:\/\/verofigarella.com\/wp-content\/uploads\/2021\/03\/Banner_vertical_web_es-234.png\",\"datePublished\":\"2021-12-09T19:29:25+00:00\",\"dateModified\":\"2024-02-24T18:11:00+00:00\",\"breadcrumb\":{\"@id\":\"https:\/\/verofigarella.com\/es\/producto\/laurita-loriquita\/#breadcrumb\"},\"inLanguage\":\"es\",\"potentialAction\":[{\"@type\":\"ReadAction\",\"target\":[\"https:\/\/verofigarella.com\/es\/producto\/laurita-loriquita\/\"]}]},{\"@type\":\"ImageObject\",\"inLanguage\":\"es\",\"@id\":\"https:\/\/verofigarella.com\/es\/producto\/laurita-loriquita\/#primaryimage\",\"url\":\"https:\/\/verofigarella.com\/wp-content\/uploads\/2021\/03\/Banner_vertical_web_es-234.png\",\"contentUrl\":\"https:\/\/verofigarella.com\/wp-content\/uploads\/2021\/03\/Banner_vertical_web_es-234.png\",\"width\":234,\"height\":389},{\"@type\":\"BreadcrumbList\",\"@id\":\"https:\/\/verofigarella.com\/es\/producto\/laurita-loriquita\/#breadcrumb\",\"itemListElement\":[{\"@type\":\"ListItem\",\"position\":1,\"name\":\"Home\",\"item\":\"https:\/\/verofigarella.com\/es\/\"},{\"@type\":\"ListItem\",\"position\":2,\"name\":\"Productos\",\"item\":\"https:\/\/verofigarella.com\/es\/shop\/\"},{\"@type\":\"ListItem\",\"position\":3,\"name\":\"Laurita Lorioquita y la Canci\u00f3n del Coraz\u00f3n\"}]},{\"@type\":\"WebSite\",\"@id\":\"https:\/\/verofigarella.com\/en\/#website\",\"url\":\"https:\/\/verofigarella.com\/en\/\",\"name\":\"Vero Figarella\",\"description\":\"\",\"publisher\":{\"@id\":\"https:\/\/verofigarella.com\/en\/#\/schema\/person\/e92625ac0b706607537c23f0d3ca1d48\"},\"potentialAction\":[{\"@type\":\"SearchAction\",\"target\":{\"@type\":\"EntryPoint\",\"urlTemplate\":\"https:\/\/verofigarella.com\/en\/?s={search_term_string}\"},\"query-input\":{\"@type\":\"PropertyValueSpecification\",\"valueRequired\":true,\"valueName\":\"search_term_string\"}}],\"inLanguage\":\"es\"},{\"@type\":[\"Person\",\"Organization\"],\"@id\":\"https:\/\/verofigarella.com\/en\/#\/schema\/person\/e92625ac0b706607537c23f0d3ca1d48\",\"name\":\"Veronica Figarella\",\"image\":{\"@type\":\"ImageObject\",\"inLanguage\":\"es\",\"@id\":\"https:\/\/verofigarella.com\/en\/#\/schema\/person\/image\/\",\"url\":\"https:\/\/verofigarella.com\/wp-content\/uploads\/2021\/11\/LOGO-VERO_pago.png\",\"contentUrl\":\"https:\/\/verofigarella.com\/wp-content\/uploads\/2021\/11\/LOGO-VERO_pago.png\",\"width\":100,\"height\":72,\"caption\":\"Veronica Figarella\"},\"logo\":{\"@id\":\"https:\/\/verofigarella.com\/en\/#\/schema\/person\/image\/\"}}]}<\/script>\n<!-- \/ Yoast SEO plugin. -->","yoast_head_json":{"title":"Laurita Lorioquita y la Canci\u00f3n del Coraz\u00f3n - Vero Figarella","robots":{"index":"index","follow":"follow","max-snippet":"max-snippet:-1","max-image-preview":"max-image-preview:large","max-video-preview":"max-video-preview:-1"},"canonical":"https:\/\/verofigarella.com\/es\/producto\/laurita-loriquita\/","og_locale":"es_ES","og_type":"article","og_title":"Laurita Lorioquita y la Canci\u00f3n del Coraz\u00f3n - Vero Figarella","og_description":"El precio del libro, el costo de env\u00edo y la moneda se calcular\u00e1n cuando proporcione su direcci\u00f3n de entrega al momento del pago.","og_url":"https:\/\/verofigarella.com\/es\/producto\/laurita-loriquita\/","og_site_name":"Vero Figarella","article_modified_time":"2024-02-24T18:11:00+00:00","og_image":[{"width":234,"height":389,"url":"https:\/\/verofigarella.com\/wp-content\/uploads\/2021\/03\/Banner_vertical_web_es-234.png","type":"image\/png"}],"twitter_card":"summary_large_image","twitter_misc":{"Tiempo de lectura":"1 minuto"},"schema":{"@context":"https:\/\/schema.org","@graph":[{"@type":"WebPage","@id":"https:\/\/verofigarella.com\/es\/producto\/laurita-loriquita\/","url":"https:\/\/verofigarella.com\/es\/producto\/laurita-loriquita\/","name":"Laurita Lorioquita y la Canci\u00f3n del Coraz\u00f3n - Vero Figarella","isPartOf":{"@id":"https:\/\/verofigarella.com\/en\/#website"},"primaryImageOfPage":{"@id":"https:\/\/verofigarella.com\/es\/producto\/laurita-loriquita\/#primaryimage"},"image":{"@id":"https:\/\/verofigarella.com\/es\/producto\/laurita-loriquita\/#primaryimage"},"thumbnailUrl":"https:\/\/verofigarella.com\/wp-content\/uploads\/2021\/03\/Banner_vertical_web_es-234.png","datePublished":"2021-12-09T19:29:25+00:00","dateModified":"2024-02-24T18:11:00+00:00","breadcrumb":{"@id":"https:\/\/verofigarella.com\/es\/producto\/laurita-loriquita\/#breadcrumb"},"inLanguage":"es","potentialAction":[{"@type":"ReadAction","target":["https:\/\/verofigarella.com\/es\/producto\/laurita-loriquita\/"]}]},{"@type":"ImageObject","inLanguage":"es","@id":"https:\/\/verofigarella.com\/es\/producto\/laurita-loriquita\/#primaryimage","url":"https:\/\/verofigarella.com\/wp-content\/uploads\/2021\/03\/Banner_vertical_web_es-234.png","contentUrl":"https:\/\/verofigarella.com\/wp-content\/uploads\/2021\/03\/Banner_vertical_web_es-234.png","width":234,"height":389},{"@type":"BreadcrumbList","@id":"https:\/\/verofigarella.com\/es\/producto\/laurita-loriquita\/#breadcrumb","itemListElement":[{"@type":"ListItem","position":1,"name":"Home","item":"https:\/\/verofigarella.com\/es\/"},{"@type":"ListItem","position":2,"name":"Productos","item":"https:\/\/verofigarella.com\/es\/shop\/"},{"@type":"ListItem","position":3,"name":"Laurita Lorioquita y la Canci\u00f3n del Coraz\u00f3n"}]},{"@type":"WebSite","@id":"https:\/\/verofigarella.com\/en\/#website","url":"https:\/\/verofigarella.com\/en\/","name":"Vero Figarella","description":"","publisher":{"@id":"https:\/\/verofigarella.com\/en\/#\/schema\/person\/e92625ac0b706607537c23f0d3ca1d48"},"potentialAction":[{"@type":"SearchAction","target":{"@type":"EntryPoint","urlTemplate":"https:\/\/verofigarella.com\/en\/?s={search_term_string}"},"query-input":{"@type":"PropertyValueSpecification","valueRequired":true,"valueName":"search_term_string"}}],"inLanguage":"es"},{"@type":["Person","Organization"],"@id":"https:\/\/verofigarella.com\/en\/#\/schema\/person\/e92625ac0b706607537c23f0d3ca1d48","name":"Veronica Figarella","image":{"@type":"ImageObject","inLanguage":"es","@id":"https:\/\/verofigarella.com\/en\/#\/schema\/person\/image\/","url":"https:\/\/verofigarella.com\/wp-content\/uploads\/2021\/11\/LOGO-VERO_pago.png","contentUrl":"https:\/\/verofigarella.com\/wp-content\/uploads\/2021\/11\/LOGO-VERO_pago.png","width":100,"height":72,"caption":"Veronica Figarella"},"logo":{"@id":"https:\/\/verofigarella.com\/en\/#\/schema\/person\/image\/"}}]}},"_links":{"self":[{"href":"https:\/\/verofigarella.com\/es\/wp-json\/wp\/v2\/product\/2393","targetHints":{"allow":["GET"]}}],"collection":[{"href":"https:\/\/verofigarella.com\/es\/wp-json\/wp\/v2\/product"}],"about":[{"href":"https:\/\/verofigarella.com\/es\/wp-json\/wp\/v2\/types\/product"}],"wp:featuredmedia":[{"embeddable":true,"href":"https:\/\/verofigarella.com\/es\/wp-json\/wp\/v2\/media\/1897"}],"wp:attachment":[{"href":"https:\/\/verofigarella.com\/es\/wp-json\/wp\/v2\/media?parent=2393"}],"wp:term":[{"taxonomy":"product_brand","embeddable":true,"href":"https:\/\/verofigarella.com\/es\/wp-json\/wp\/v2\/product_brand?post=2393"},{"taxonomy":"product_cat","embeddable":true,"href":"https:\/\/verofigarella.com\/es\/wp-json\/wp\/v2\/product_cat?post=2393"},{"taxonomy":"product_tag","embeddable":true,"href":"https:\/\/verofigarella.com\/es\/wp-json\/wp\/v2\/product_tag?post=2393"}],"curies":[{"name":"wp","href":"https:\/\/api.w.org\/{rel}","templated":true}]}}